{"id":10830,"date":"2021-10-04T13:44:48","date_gmt":"2021-10-04T11:44:48","guid":{"rendered":"https:\/\/antonius.nl\/behaelterboeden-kloepperboeden\/pressure-vessel-heads\/"},"modified":"2024-07-11T11:33:38","modified_gmt":"2024-07-11T09:33:38","slug":"druckbehaelterkoepfe","status":"publish","type":"page","link":"https:\/\/antonius.nl\/de\/behaelterboeden-kloepperboeden\/druckbehaelterkoepfe\/","title":{"rendered":"Druckbeh\u00e4lterk\u00f6pfe"},"content":{"rendered":"","protected":false},"excerpt":{"rendered":"","protected":false},"author":1,"featured_media":3941,"parent":10803,"menu_order":0,"comment_status":"closed","ping_status":"closed","template":"page-flex.php","meta":{"_acf_changed":false,"inline_featured_image":false,"footnotes":""},"class_list":["post-10830","page","type-page","status-publish","has-post-thumbnail","hentry"],"acf":[],"yoast_head":"<!-- This site is optimized with the Yoast SEO plugin v26.5 - https:\/\/yoast.com\/wordpress\/plugins\/seo\/ -->\n<title>Druckbeh\u00e4lterk\u00f6pfe - Antonius<\/title>\n<meta name=\"description\" content=\"Wir produzieren Beh\u00e4lterk\u00f6pfe in verschiedenen Formen und Materialien. Mit einer breiten Palette von Gr\u00f6\u00dfen und Dicken, die genau auf das gew\u00fcnschte Produkt abgestimmt sind.\" \/>\n<meta name=\"robots\" content=\"index, follow, max-snippet:-1, max-image-preview:large, max-video-preview:-1\" \/>\n<link rel=\"canonical\" href=\"https:\/\/antonius.nl\/de\/behaelterboeden-kloepperboeden\/druckbehaelterkoepfe\/\" \/>\n<meta property=\"og:locale\" content=\"de_DE\" \/>\n<meta property=\"og:type\" content=\"article\" \/>\n<meta property=\"og:title\" content=\"Druckbeh\u00e4lterk\u00f6pfe - Antonius\" \/>\n<meta property=\"og:description\" content=\"Wir produzieren Beh\u00e4lterk\u00f6pfe in verschiedenen Formen und Materialien. Mit einer breiten Palette von Gr\u00f6\u00dfen und Dicken, die genau auf das gew\u00fcnschte Produkt abgestimmt sind.\" \/>\n<meta property=\"og:url\" content=\"https:\/\/antonius.nl\/de\/behaelterboeden-kloepperboeden\/druckbehaelterkoepfe\/\" \/>\n<meta property=\"og:site_name\" content=\"Antonius\" \/>\n<meta property=\"article:modified_time\" content=\"2024-07-11T09:33:38+00:00\" \/>\n<meta property=\"og:image\" content=\"https:\/\/antonius.nl\/wp-content\/uploads\/2021\/05\/heads-squashed.jpg\" \/>\n\t<meta property=\"og:image:width\" content=\"1600\" \/>\n\t<meta property=\"og:image:height\" content=\"640\" \/>\n\t<meta property=\"og:image:type\" content=\"image\/jpeg\" \/>\n<meta name=\"twitter:card\" content=\"summary_large_image\" \/>\n<script type=\"application\/ld+json\" class=\"yoast-schema-graph\">{\"@context\":\"https:\/\/schema.org\",\"@graph\":[{\"@type\":\"WebPage\",\"@id\":\"https:\/\/antonius.nl\/de\/behaelterboeden-kloepperboeden\/druckbehaelterkoepfe\/\",\"url\":\"https:\/\/antonius.nl\/de\/behaelterboeden-kloepperboeden\/druckbehaelterkoepfe\/\",\"name\":\"Druckbeh\u00e4lterk\u00f6pfe - Antonius\",\"isPartOf\":{\"@id\":\"https:\/\/antonius.nl\/#website\"},\"primaryImageOfPage\":{\"@id\":\"https:\/\/antonius.nl\/de\/behaelterboeden-kloepperboeden\/druckbehaelterkoepfe\/#primaryimage\"},\"image\":{\"@id\":\"https:\/\/antonius.nl\/de\/behaelterboeden-kloepperboeden\/druckbehaelterkoepfe\/#primaryimage\"},\"thumbnailUrl\":\"https:\/\/antonius.nl\/wp-content\/uploads\/2021\/05\/heads-squashed.jpg\",\"datePublished\":\"2021-10-04T11:44:48+00:00\",\"dateModified\":\"2024-07-11T09:33:38+00:00\",\"description\":\"Wir produzieren Beh\u00e4lterk\u00f6pfe in verschiedenen Formen und Materialien. Mit einer breiten Palette von Gr\u00f6\u00dfen und Dicken, die genau auf das gew\u00fcnschte Produkt abgestimmt sind.\",\"breadcrumb\":{\"@id\":\"https:\/\/antonius.nl\/de\/behaelterboeden-kloepperboeden\/druckbehaelterkoepfe\/#breadcrumb\"},\"inLanguage\":\"de\",\"potentialAction\":[{\"@type\":\"ReadAction\",\"target\":[\"https:\/\/antonius.nl\/de\/behaelterboeden-kloepperboeden\/druckbehaelterkoepfe\/\"]}]},{\"@type\":\"ImageObject\",\"inLanguage\":\"de\",\"@id\":\"https:\/\/antonius.nl\/de\/behaelterboeden-kloepperboeden\/druckbehaelterkoepfe\/#primaryimage\",\"url\":\"https:\/\/antonius.nl\/wp-content\/uploads\/2021\/05\/heads-squashed.jpg\",\"contentUrl\":\"https:\/\/antonius.nl\/wp-content\/uploads\/2021\/05\/heads-squashed.jpg\",\"width\":1600,\"height\":640},{\"@type\":\"BreadcrumbList\",\"@id\":\"https:\/\/antonius.nl\/de\/behaelterboeden-kloepperboeden\/druckbehaelterkoepfe\/#breadcrumb\",\"itemListElement\":[{\"@type\":\"ListItem\",\"position\":1,\"name\":\"Start\",\"item\":\"https:\/\/antonius.nl\/de\/\"},{\"@type\":\"ListItem\",\"position\":2,\"name\":\"Beh\u00e4lterb\u00f6den\",\"item\":\"https:\/\/antonius.nl\/de\/behaelterboeden-kloepperboeden\/\"},{\"@type\":\"ListItem\",\"position\":3,\"name\":\"Druckbeh\u00e4lterk\u00f6pfe\"}]},{\"@type\":\"WebSite\",\"@id\":\"https:\/\/antonius.nl\/#website\",\"url\":\"https:\/\/antonius.nl\/\",\"name\":\"Antonius\",\"description\":\"Manufacturing for Progress\",\"potentialAction\":[{\"@type\":\"SearchAction\",\"target\":{\"@type\":\"EntryPoint\",\"urlTemplate\":\"https:\/\/antonius.nl\/?s={search_term_string}\"},\"query-input\":{\"@type\":\"PropertyValueSpecification\",\"valueRequired\":true,\"valueName\":\"search_term_string\"}}],\"inLanguage\":\"de\"}]}<\/script>\n<!-- \/ Yoast SEO plugin. -->","yoast_head_json":{"title":"Druckbeh\u00e4lterk\u00f6pfe - Antonius","description":"Wir produzieren Beh\u00e4lterk\u00f6pfe in verschiedenen Formen und Materialien. Mit einer breiten Palette von Gr\u00f6\u00dfen und Dicken, die genau auf das gew\u00fcnschte Produkt abgestimmt sind.","robots":{"index":"index","follow":"follow","max-snippet":"max-snippet:-1","max-image-preview":"max-image-preview:large","max-video-preview":"max-video-preview:-1"},"canonical":"https:\/\/antonius.nl\/de\/behaelterboeden-kloepperboeden\/druckbehaelterkoepfe\/","og_locale":"de_DE","og_type":"article","og_title":"Druckbeh\u00e4lterk\u00f6pfe - Antonius","og_description":"Wir produzieren Beh\u00e4lterk\u00f6pfe in verschiedenen Formen und Materialien. Mit einer breiten Palette von Gr\u00f6\u00dfen und Dicken, die genau auf das gew\u00fcnschte Produkt abgestimmt sind.","og_url":"https:\/\/antonius.nl\/de\/behaelterboeden-kloepperboeden\/druckbehaelterkoepfe\/","og_site_name":"Antonius","article_modified_time":"2024-07-11T09:33:38+00:00","og_image":[{"width":1600,"height":640,"url":"https:\/\/antonius.nl\/wp-content\/uploads\/2021\/05\/heads-squashed.jpg","type":"image\/jpeg"}],"twitter_card":"summary_large_image","schema":{"@context":"https:\/\/schema.org","@graph":[{"@type":"WebPage","@id":"https:\/\/antonius.nl\/de\/behaelterboeden-kloepperboeden\/druckbehaelterkoepfe\/","url":"https:\/\/antonius.nl\/de\/behaelterboeden-kloepperboeden\/druckbehaelterkoepfe\/","name":"Druckbeh\u00e4lterk\u00f6pfe - Antonius","isPartOf":{"@id":"https:\/\/antonius.nl\/#website"},"primaryImageOfPage":{"@id":"https:\/\/antonius.nl\/de\/behaelterboeden-kloepperboeden\/druckbehaelterkoepfe\/#primaryimage"},"image":{"@id":"https:\/\/antonius.nl\/de\/behaelterboeden-kloepperboeden\/druckbehaelterkoepfe\/#primaryimage"},"thumbnailUrl":"https:\/\/antonius.nl\/wp-content\/uploads\/2021\/05\/heads-squashed.jpg","datePublished":"2021-10-04T11:44:48+00:00","dateModified":"2024-07-11T09:33:38+00:00","description":"Wir produzieren Beh\u00e4lterk\u00f6pfe in verschiedenen Formen und Materialien. Mit einer breiten Palette von Gr\u00f6\u00dfen und Dicken, die genau auf das gew\u00fcnschte Produkt abgestimmt sind.","breadcrumb":{"@id":"https:\/\/antonius.nl\/de\/behaelterboeden-kloepperboeden\/druckbehaelterkoepfe\/#breadcrumb"},"inLanguage":"de","potentialAction":[{"@type":"ReadAction","target":["https:\/\/antonius.nl\/de\/behaelterboeden-kloepperboeden\/druckbehaelterkoepfe\/"]}]},{"@type":"ImageObject","inLanguage":"de","@id":"https:\/\/antonius.nl\/de\/behaelterboeden-kloepperboeden\/druckbehaelterkoepfe\/#primaryimage","url":"https:\/\/antonius.nl\/wp-content\/uploads\/2021\/05\/heads-squashed.jpg","contentUrl":"https:\/\/antonius.nl\/wp-content\/uploads\/2021\/05\/heads-squashed.jpg","width":1600,"height":640},{"@type":"BreadcrumbList","@id":"https:\/\/antonius.nl\/de\/behaelterboeden-kloepperboeden\/druckbehaelterkoepfe\/#breadcrumb","itemListElement":[{"@type":"ListItem","position":1,"name":"Start","item":"https:\/\/antonius.nl\/de\/"},{"@type":"ListItem","position":2,"name":"Beh\u00e4lterb\u00f6den","item":"https:\/\/antonius.nl\/de\/behaelterboeden-kloepperboeden\/"},{"@type":"ListItem","position":3,"name":"Druckbeh\u00e4lterk\u00f6pfe"}]},{"@type":"WebSite","@id":"https:\/\/antonius.nl\/#website","url":"https:\/\/antonius.nl\/","name":"Antonius","description":"Manufacturing for Progress","potentialAction":[{"@type":"SearchAction","target":{"@type":"EntryPoint","urlTemplate":"https:\/\/antonius.nl\/?s={search_term_string}"},"query-input":{"@type":"PropertyValueSpecification","valueRequired":true,"valueName":"search_term_string"}}],"inLanguage":"de"}]}},"_links":{"self":[{"href":"https:\/\/antonius.nl\/de\/wp-json\/wp\/v2\/pages\/10830","targetHints":{"allow":["GET"]}}],"collection":[{"href":"https:\/\/antonius.nl\/de\/wp-json\/wp\/v2\/pages"}],"about":[{"href":"https:\/\/antonius.nl\/de\/wp-json\/wp\/v2\/types\/page"}],"author":[{"embeddable":true,"href":"https:\/\/antonius.nl\/de\/wp-json\/wp\/v2\/users\/1"}],"replies":[{"embeddable":true,"href":"https:\/\/antonius.nl\/de\/wp-json\/wp\/v2\/comments?post=10830"}],"version-history":[{"count":2,"href":"https:\/\/antonius.nl\/de\/wp-json\/wp\/v2\/pages\/10830\/revisions"}],"predecessor-version":[{"id":10832,"href":"https:\/\/antonius.nl\/de\/wp-json\/wp\/v2\/pages\/10830\/revisions\/10832"}],"up":[{"embeddable":true,"href":"https:\/\/antonius.nl\/de\/wp-json\/wp\/v2\/pages\/10803"}],"wp:featuredmedia":[{"embeddable":true,"href":"https:\/\/antonius.nl\/de\/wp-json\/wp\/v2\/media\/3941"}],"wp:attachment":[{"href":"https:\/\/antonius.nl\/de\/wp-json\/wp\/v2\/media?parent=10830"}],"curies":[{"name":"wp","href":"https:\/\/api.w.org\/{rel}","templated":true}]}}