{"id":10819,"date":"2021-06-02T12:08:08","date_gmt":"2021-06-02T10:08:08","guid":{"rendered":"https:\/\/antonius.nl\/behaelterboeden-kloepperboeden\/expansion-bellows\/"},"modified":"2024-07-11T11:04:57","modified_gmt":"2024-07-11T09:04:57","slug":"erweiterungsbaelge","status":"publish","type":"page","link":"https:\/\/antonius.nl\/de\/behaelterboeden-kloepperboeden\/erweiterungsbaelge\/","title":{"rendered":"Erweiterungsb\u00e4lge"},"content":{"rendered":"","protected":false},"excerpt":{"rendered":"","protected":false},"author":1,"featured_media":4110,"parent":10803,"menu_order":0,"comment_status":"closed","ping_status":"closed","template":"page-flex.php","meta":{"_acf_changed":false,"inline_featured_image":false,"footnotes":""},"class_list":["post-10819","page","type-page","status-publish","has-post-thumbnail","hentry"],"acf":[],"yoast_head":"<!-- This site is optimized with the Yoast SEO plugin v26.5 - https:\/\/yoast.com\/wordpress\/plugins\/seo\/ -->\n<title>Erweiterungsb\u00e4lge - Antonius Beh\u00e4lterk\u00f6pfe<\/title>\n<meta name=\"description\" content=\"Antonius produziert Kompensatoren\/Dehnungsb\u00e4lge. Die Abmessungen variieren zwischen 250 mm und 5800 mm, die Dicken zwischen 3 und 20 mm. Andere Abmessungen sind ebenfalls m\u00f6glich.\" \/>\n<meta name=\"robots\" content=\"index, follow, max-snippet:-1, max-image-preview:large, max-video-preview:-1\" \/>\n<link rel=\"canonical\" href=\"https:\/\/antonius.nl\/de\/behaelterboeden-kloepperboeden\/erweiterungsbaelge\/\" \/>\n<meta property=\"og:locale\" content=\"de_DE\" \/>\n<meta property=\"og:type\" content=\"article\" \/>\n<meta property=\"og:title\" content=\"Erweiterungsb\u00e4lge - Antonius Beh\u00e4lterk\u00f6pfe\" \/>\n<meta property=\"og:description\" content=\"Antonius produziert Kompensatoren\/Dehnungsb\u00e4lge. Die Abmessungen variieren zwischen 250 mm und 5800 mm, die Dicken zwischen 3 und 20 mm. Andere Abmessungen sind ebenfalls m\u00f6glich.\" \/>\n<meta property=\"og:url\" content=\"https:\/\/antonius.nl\/de\/behaelterboeden-kloepperboeden\/erweiterungsbaelge\/\" \/>\n<meta property=\"og:site_name\" content=\"Antonius\" \/>\n<meta property=\"article:modified_time\" content=\"2024-07-11T09:04:57+00:00\" \/>\n<meta property=\"og:image\" content=\"https:\/\/antonius.nl\/wp-content\/uploads\/2021\/10\/expansion-ballow-img-squashed.jpg\" \/>\n\t<meta property=\"og:image:width\" content=\"750\" \/>\n\t<meta property=\"og:image:height\" content=\"750\" \/>\n\t<meta property=\"og:image:type\" content=\"image\/jpeg\" \/>\n<meta name=\"twitter:card\" content=\"summary_large_image\" \/>\n<script type=\"application\/ld+json\" class=\"yoast-schema-graph\">{\"@context\":\"https:\/\/schema.org\",\"@graph\":[{\"@type\":\"WebPage\",\"@id\":\"https:\/\/antonius.nl\/de\/behaelterboeden-kloepperboeden\/erweiterungsbaelge\/\",\"url\":\"https:\/\/antonius.nl\/de\/behaelterboeden-kloepperboeden\/erweiterungsbaelge\/\",\"name\":\"Erweiterungsb\u00e4lge - Antonius Beh\u00e4lterk\u00f6pfe\",\"isPartOf\":{\"@id\":\"https:\/\/antonius.nl\/#website\"},\"primaryImageOfPage\":{\"@id\":\"https:\/\/antonius.nl\/de\/behaelterboeden-kloepperboeden\/erweiterungsbaelge\/#primaryimage\"},\"image\":{\"@id\":\"https:\/\/antonius.nl\/de\/behaelterboeden-kloepperboeden\/erweiterungsbaelge\/#primaryimage\"},\"thumbnailUrl\":\"https:\/\/antonius.nl\/wp-content\/uploads\/2021\/10\/expansion-ballow-img-squashed.jpg\",\"datePublished\":\"2021-06-02T10:08:08+00:00\",\"dateModified\":\"2024-07-11T09:04:57+00:00\",\"description\":\"Antonius produziert Kompensatoren\/Dehnungsb\u00e4lge. Die Abmessungen variieren zwischen 250 mm und 5800 mm, die Dicken zwischen 3 und 20 mm. Andere Abmessungen sind ebenfalls m\u00f6glich.\",\"breadcrumb\":{\"@id\":\"https:\/\/antonius.nl\/de\/behaelterboeden-kloepperboeden\/erweiterungsbaelge\/#breadcrumb\"},\"inLanguage\":\"de\",\"potentialAction\":[{\"@type\":\"ReadAction\",\"target\":[\"https:\/\/antonius.nl\/de\/behaelterboeden-kloepperboeden\/erweiterungsbaelge\/\"]}]},{\"@type\":\"ImageObject\",\"inLanguage\":\"de\",\"@id\":\"https:\/\/antonius.nl\/de\/behaelterboeden-kloepperboeden\/erweiterungsbaelge\/#primaryimage\",\"url\":\"https:\/\/antonius.nl\/wp-content\/uploads\/2021\/10\/expansion-ballow-img-squashed.jpg\",\"contentUrl\":\"https:\/\/antonius.nl\/wp-content\/uploads\/2021\/10\/expansion-ballow-img-squashed.jpg\",\"width\":750,\"height\":750},{\"@type\":\"BreadcrumbList\",\"@id\":\"https:\/\/antonius.nl\/de\/behaelterboeden-kloepperboeden\/erweiterungsbaelge\/#breadcrumb\",\"itemListElement\":[{\"@type\":\"ListItem\",\"position\":1,\"name\":\"Start\",\"item\":\"https:\/\/antonius.nl\/de\/\"},{\"@type\":\"ListItem\",\"position\":2,\"name\":\"Beh\u00e4lterb\u00f6den\",\"item\":\"https:\/\/antonius.nl\/de\/behaelterboeden-kloepperboeden\/\"},{\"@type\":\"ListItem\",\"position\":3,\"name\":\"Erweiterungsb\u00e4lge\"}]},{\"@type\":\"WebSite\",\"@id\":\"https:\/\/antonius.nl\/#website\",\"url\":\"https:\/\/antonius.nl\/\",\"name\":\"Antonius\",\"description\":\"Manufacturing for Progress\",\"potentialAction\":[{\"@type\":\"SearchAction\",\"target\":{\"@type\":\"EntryPoint\",\"urlTemplate\":\"https:\/\/antonius.nl\/?s={search_term_string}\"},\"query-input\":{\"@type\":\"PropertyValueSpecification\",\"valueRequired\":true,\"valueName\":\"search_term_string\"}}],\"inLanguage\":\"de\"}]}<\/script>\n<!-- \/ Yoast SEO plugin. -->","yoast_head_json":{"title":"Erweiterungsb\u00e4lge - Antonius Beh\u00e4lterk\u00f6pfe","description":"Antonius produziert Kompensatoren\/Dehnungsb\u00e4lge. Die Abmessungen variieren zwischen 250 mm und 5800 mm, die Dicken zwischen 3 und 20 mm. Andere Abmessungen sind ebenfalls m\u00f6glich.","robots":{"index":"index","follow":"follow","max-snippet":"max-snippet:-1","max-image-preview":"max-image-preview:large","max-video-preview":"max-video-preview:-1"},"canonical":"https:\/\/antonius.nl\/de\/behaelterboeden-kloepperboeden\/erweiterungsbaelge\/","og_locale":"de_DE","og_type":"article","og_title":"Erweiterungsb\u00e4lge - Antonius Beh\u00e4lterk\u00f6pfe","og_description":"Antonius produziert Kompensatoren\/Dehnungsb\u00e4lge. Die Abmessungen variieren zwischen 250 mm und 5800 mm, die Dicken zwischen 3 und 20 mm. Andere Abmessungen sind ebenfalls m\u00f6glich.","og_url":"https:\/\/antonius.nl\/de\/behaelterboeden-kloepperboeden\/erweiterungsbaelge\/","og_site_name":"Antonius","article_modified_time":"2024-07-11T09:04:57+00:00","og_image":[{"width":750,"height":750,"url":"https:\/\/antonius.nl\/wp-content\/uploads\/2021\/10\/expansion-ballow-img-squashed.jpg","type":"image\/jpeg"}],"twitter_card":"summary_large_image","schema":{"@context":"https:\/\/schema.org","@graph":[{"@type":"WebPage","@id":"https:\/\/antonius.nl\/de\/behaelterboeden-kloepperboeden\/erweiterungsbaelge\/","url":"https:\/\/antonius.nl\/de\/behaelterboeden-kloepperboeden\/erweiterungsbaelge\/","name":"Erweiterungsb\u00e4lge - Antonius Beh\u00e4lterk\u00f6pfe","isPartOf":{"@id":"https:\/\/antonius.nl\/#website"},"primaryImageOfPage":{"@id":"https:\/\/antonius.nl\/de\/behaelterboeden-kloepperboeden\/erweiterungsbaelge\/#primaryimage"},"image":{"@id":"https:\/\/antonius.nl\/de\/behaelterboeden-kloepperboeden\/erweiterungsbaelge\/#primaryimage"},"thumbnailUrl":"https:\/\/antonius.nl\/wp-content\/uploads\/2021\/10\/expansion-ballow-img-squashed.jpg","datePublished":"2021-06-02T10:08:08+00:00","dateModified":"2024-07-11T09:04:57+00:00","description":"Antonius produziert Kompensatoren\/Dehnungsb\u00e4lge. Die Abmessungen variieren zwischen 250 mm und 5800 mm, die Dicken zwischen 3 und 20 mm. Andere Abmessungen sind ebenfalls m\u00f6glich.","breadcrumb":{"@id":"https:\/\/antonius.nl\/de\/behaelterboeden-kloepperboeden\/erweiterungsbaelge\/#breadcrumb"},"inLanguage":"de","potentialAction":[{"@type":"ReadAction","target":["https:\/\/antonius.nl\/de\/behaelterboeden-kloepperboeden\/erweiterungsbaelge\/"]}]},{"@type":"ImageObject","inLanguage":"de","@id":"https:\/\/antonius.nl\/de\/behaelterboeden-kloepperboeden\/erweiterungsbaelge\/#primaryimage","url":"https:\/\/antonius.nl\/wp-content\/uploads\/2021\/10\/expansion-ballow-img-squashed.jpg","contentUrl":"https:\/\/antonius.nl\/wp-content\/uploads\/2021\/10\/expansion-ballow-img-squashed.jpg","width":750,"height":750},{"@type":"BreadcrumbList","@id":"https:\/\/antonius.nl\/de\/behaelterboeden-kloepperboeden\/erweiterungsbaelge\/#breadcrumb","itemListElement":[{"@type":"ListItem","position":1,"name":"Start","item":"https:\/\/antonius.nl\/de\/"},{"@type":"ListItem","position":2,"name":"Beh\u00e4lterb\u00f6den","item":"https:\/\/antonius.nl\/de\/behaelterboeden-kloepperboeden\/"},{"@type":"ListItem","position":3,"name":"Erweiterungsb\u00e4lge"}]},{"@type":"WebSite","@id":"https:\/\/antonius.nl\/#website","url":"https:\/\/antonius.nl\/","name":"Antonius","description":"Manufacturing for Progress","potentialAction":[{"@type":"SearchAction","target":{"@type":"EntryPoint","urlTemplate":"https:\/\/antonius.nl\/?s={search_term_string}"},"query-input":{"@type":"PropertyValueSpecification","valueRequired":true,"valueName":"search_term_string"}}],"inLanguage":"de"}]}},"_links":{"self":[{"href":"https:\/\/antonius.nl\/de\/wp-json\/wp\/v2\/pages\/10819","targetHints":{"allow":["GET"]}}],"collection":[{"href":"https:\/\/antonius.nl\/de\/wp-json\/wp\/v2\/pages"}],"about":[{"href":"https:\/\/antonius.nl\/de\/wp-json\/wp\/v2\/types\/page"}],"author":[{"embeddable":true,"href":"https:\/\/antonius.nl\/de\/wp-json\/wp\/v2\/users\/1"}],"replies":[{"embeddable":true,"href":"https:\/\/antonius.nl\/de\/wp-json\/wp\/v2\/comments?post=10819"}],"version-history":[{"count":2,"href":"https:\/\/antonius.nl\/de\/wp-json\/wp\/v2\/pages\/10819\/revisions"}],"predecessor-version":[{"id":10821,"href":"https:\/\/antonius.nl\/de\/wp-json\/wp\/v2\/pages\/10819\/revisions\/10821"}],"up":[{"embeddable":true,"href":"https:\/\/antonius.nl\/de\/wp-json\/wp\/v2\/pages\/10803"}],"wp:featuredmedia":[{"embeddable":true,"href":"https:\/\/antonius.nl\/de\/wp-json\/wp\/v2\/media\/4110"}],"wp:attachment":[{"href":"https:\/\/antonius.nl\/de\/wp-json\/wp\/v2\/media?parent=10819"}],"curies":[{"name":"wp","href":"https:\/\/api.w.org\/{rel}","templated":true}]}}