{"id":10812,"date":"2021-06-24T22:14:21","date_gmt":"2021-06-24T20:14:21","guid":{"rendered":"https:\/\/antonius.nl\/behaelterboeden-kloepperboeden\/capabilities\/"},"modified":"2024-07-12T10:44:52","modified_gmt":"2024-07-12T08:44:52","slug":"faehigkeiten","status":"publish","type":"page","link":"https:\/\/antonius.nl\/de\/behaelterboeden-kloepperboeden\/faehigkeiten\/","title":{"rendered":"F\u00e4higkeiten"},"content":{"rendered":"","protected":false},"excerpt":{"rendered":"","protected":false},"author":1,"featured_media":4009,"parent":10803,"menu_order":0,"comment_status":"closed","ping_status":"closed","template":"page-flex.php","meta":{"_acf_changed":false,"inline_featured_image":false,"footnotes":""},"class_list":["post-10812","page","type-page","status-publish","has-post-thumbnail","hentry"],"acf":[],"yoast_head":"<!-- This site is optimized with the Yoast SEO plugin v27.4 - https:\/\/yoast.com\/product\/yoast-seo-wordpress\/ -->\n<title>Hersteller von komplexen Formen, Beh\u00e4lterk\u00f6pfen, Kegeln, Br\u00fcckenfugen<\/title>\n<meta name=\"description\" content=\"Antonius stellt verschiedene Beh\u00e4lterb\u00f6den her. Torisph\u00e4rische, halbelliptische, elliptische, halbkugelf\u00f6rmige, flache und segmentierte K\u00f6pfe.\" \/>\n<meta name=\"robots\" content=\"index, follow, max-snippet:-1, max-image-preview:large, max-video-preview:-1\" \/>\n<link rel=\"canonical\" href=\"https:\/\/antonius.nl\/de\/behaelterboeden-kloepperboeden\/faehigkeiten\/\" \/>\n<meta property=\"og:locale\" content=\"de_DE\" \/>\n<meta property=\"og:type\" content=\"article\" \/>\n<meta property=\"og:title\" content=\"Hersteller von komplexen Formen, Beh\u00e4lterk\u00f6pfen, Kegeln, Br\u00fcckenfugen\" \/>\n<meta property=\"og:description\" content=\"Antonius stellt verschiedene Beh\u00e4lterb\u00f6den her. Torisph\u00e4rische, halbelliptische, elliptische, halbkugelf\u00f6rmige, flache und segmentierte K\u00f6pfe.\" \/>\n<meta property=\"og:url\" content=\"https:\/\/antonius.nl\/de\/behaelterboeden-kloepperboeden\/faehigkeiten\/\" \/>\n<meta property=\"og:site_name\" content=\"Antonius\" \/>\n<meta property=\"article:modified_time\" content=\"2024-07-12T08:44:52+00:00\" \/>\n<meta property=\"og:image\" content=\"https:\/\/antonius.nl\/wp-content\/uploads\/2021\/07\/2015.141022.jpg\" \/>\n\t<meta property=\"og:image:width\" content=\"1920\" \/>\n\t<meta property=\"og:image:height\" content=\"1082\" \/>\n\t<meta property=\"og:image:type\" content=\"image\/jpeg\" \/>\n<meta name=\"twitter:card\" content=\"summary_large_image\" \/>\n<script type=\"application\/ld+json\" class=\"yoast-schema-graph\">{\"@context\":\"https:\\\/\\\/schema.org\",\"@graph\":[{\"@type\":\"WebPage\",\"@id\":\"https:\\\/\\\/antonius.nl\\\/de\\\/behaelterboeden-kloepperboeden\\\/faehigkeiten\\\/\",\"url\":\"https:\\\/\\\/antonius.nl\\\/de\\\/behaelterboeden-kloepperboeden\\\/faehigkeiten\\\/\",\"name\":\"Hersteller von komplexen Formen, Beh\u00e4lterk\u00f6pfen, Kegeln, Br\u00fcckenfugen\",\"isPartOf\":{\"@id\":\"https:\\\/\\\/antonius.nl\\\/#website\"},\"primaryImageOfPage\":{\"@id\":\"https:\\\/\\\/antonius.nl\\\/de\\\/behaelterboeden-kloepperboeden\\\/faehigkeiten\\\/#primaryimage\"},\"image\":{\"@id\":\"https:\\\/\\\/antonius.nl\\\/de\\\/behaelterboeden-kloepperboeden\\\/faehigkeiten\\\/#primaryimage\"},\"thumbnailUrl\":\"https:\\\/\\\/antonius.nl\\\/wp-content\\\/uploads\\\/2021\\\/07\\\/2015.141022.jpg\",\"datePublished\":\"2021-06-24T20:14:21+00:00\",\"dateModified\":\"2024-07-12T08:44:52+00:00\",\"description\":\"Antonius stellt verschiedene Beh\u00e4lterb\u00f6den her. Torisph\u00e4rische, halbelliptische, elliptische, halbkugelf\u00f6rmige, flache und segmentierte K\u00f6pfe.\",\"breadcrumb\":{\"@id\":\"https:\\\/\\\/antonius.nl\\\/de\\\/behaelterboeden-kloepperboeden\\\/faehigkeiten\\\/#breadcrumb\"},\"inLanguage\":\"de\",\"potentialAction\":[{\"@type\":\"ReadAction\",\"target\":[\"https:\\\/\\\/antonius.nl\\\/de\\\/behaelterboeden-kloepperboeden\\\/faehigkeiten\\\/\"]}]},{\"@type\":\"ImageObject\",\"inLanguage\":\"de\",\"@id\":\"https:\\\/\\\/antonius.nl\\\/de\\\/behaelterboeden-kloepperboeden\\\/faehigkeiten\\\/#primaryimage\",\"url\":\"https:\\\/\\\/antonius.nl\\\/wp-content\\\/uploads\\\/2021\\\/07\\\/2015.141022.jpg\",\"contentUrl\":\"https:\\\/\\\/antonius.nl\\\/wp-content\\\/uploads\\\/2021\\\/07\\\/2015.141022.jpg\",\"width\":1920,\"height\":1082},{\"@type\":\"BreadcrumbList\",\"@id\":\"https:\\\/\\\/antonius.nl\\\/de\\\/behaelterboeden-kloepperboeden\\\/faehigkeiten\\\/#breadcrumb\",\"itemListElement\":[{\"@type\":\"ListItem\",\"position\":1,\"name\":\"Start\",\"item\":\"https:\\\/\\\/antonius.nl\\\/de\\\/\"},{\"@type\":\"ListItem\",\"position\":2,\"name\":\"Beh\u00e4lterb\u00f6den\",\"item\":\"https:\\\/\\\/antonius.nl\\\/de\\\/behaelterboeden-kloepperboeden\\\/\"},{\"@type\":\"ListItem\",\"position\":3,\"name\":\"F\u00e4higkeiten\"}]},{\"@type\":\"WebSite\",\"@id\":\"https:\\\/\\\/antonius.nl\\\/#website\",\"url\":\"https:\\\/\\\/antonius.nl\\\/\",\"name\":\"Antonius\",\"description\":\"Manufacturing for Progress\",\"potentialAction\":[{\"@type\":\"SearchAction\",\"target\":{\"@type\":\"EntryPoint\",\"urlTemplate\":\"https:\\\/\\\/antonius.nl\\\/?s={search_term_string}\"},\"query-input\":{\"@type\":\"PropertyValueSpecification\",\"valueRequired\":true,\"valueName\":\"search_term_string\"}}],\"inLanguage\":\"de\"}]}<\/script>\n<!-- \/ Yoast SEO plugin. -->","yoast_head_json":{"title":"Hersteller von komplexen Formen, Beh\u00e4lterk\u00f6pfen, Kegeln, Br\u00fcckenfugen","description":"Antonius stellt verschiedene Beh\u00e4lterb\u00f6den her. Torisph\u00e4rische, halbelliptische, elliptische, halbkugelf\u00f6rmige, flache und segmentierte K\u00f6pfe.","robots":{"index":"index","follow":"follow","max-snippet":"max-snippet:-1","max-image-preview":"max-image-preview:large","max-video-preview":"max-video-preview:-1"},"canonical":"https:\/\/antonius.nl\/de\/behaelterboeden-kloepperboeden\/faehigkeiten\/","og_locale":"de_DE","og_type":"article","og_title":"Hersteller von komplexen Formen, Beh\u00e4lterk\u00f6pfen, Kegeln, Br\u00fcckenfugen","og_description":"Antonius stellt verschiedene Beh\u00e4lterb\u00f6den her. Torisph\u00e4rische, halbelliptische, elliptische, halbkugelf\u00f6rmige, flache und segmentierte K\u00f6pfe.","og_url":"https:\/\/antonius.nl\/de\/behaelterboeden-kloepperboeden\/faehigkeiten\/","og_site_name":"Antonius","article_modified_time":"2024-07-12T08:44:52+00:00","og_image":[{"width":1920,"height":1082,"url":"https:\/\/antonius.nl\/wp-content\/uploads\/2021\/07\/2015.141022.jpg","type":"image\/jpeg"}],"twitter_card":"summary_large_image","schema":{"@context":"https:\/\/schema.org","@graph":[{"@type":"WebPage","@id":"https:\/\/antonius.nl\/de\/behaelterboeden-kloepperboeden\/faehigkeiten\/","url":"https:\/\/antonius.nl\/de\/behaelterboeden-kloepperboeden\/faehigkeiten\/","name":"Hersteller von komplexen Formen, Beh\u00e4lterk\u00f6pfen, Kegeln, Br\u00fcckenfugen","isPartOf":{"@id":"https:\/\/antonius.nl\/#website"},"primaryImageOfPage":{"@id":"https:\/\/antonius.nl\/de\/behaelterboeden-kloepperboeden\/faehigkeiten\/#primaryimage"},"image":{"@id":"https:\/\/antonius.nl\/de\/behaelterboeden-kloepperboeden\/faehigkeiten\/#primaryimage"},"thumbnailUrl":"https:\/\/antonius.nl\/wp-content\/uploads\/2021\/07\/2015.141022.jpg","datePublished":"2021-06-24T20:14:21+00:00","dateModified":"2024-07-12T08:44:52+00:00","description":"Antonius stellt verschiedene Beh\u00e4lterb\u00f6den her. Torisph\u00e4rische, halbelliptische, elliptische, halbkugelf\u00f6rmige, flache und segmentierte K\u00f6pfe.","breadcrumb":{"@id":"https:\/\/antonius.nl\/de\/behaelterboeden-kloepperboeden\/faehigkeiten\/#breadcrumb"},"inLanguage":"de","potentialAction":[{"@type":"ReadAction","target":["https:\/\/antonius.nl\/de\/behaelterboeden-kloepperboeden\/faehigkeiten\/"]}]},{"@type":"ImageObject","inLanguage":"de","@id":"https:\/\/antonius.nl\/de\/behaelterboeden-kloepperboeden\/faehigkeiten\/#primaryimage","url":"https:\/\/antonius.nl\/wp-content\/uploads\/2021\/07\/2015.141022.jpg","contentUrl":"https:\/\/antonius.nl\/wp-content\/uploads\/2021\/07\/2015.141022.jpg","width":1920,"height":1082},{"@type":"BreadcrumbList","@id":"https:\/\/antonius.nl\/de\/behaelterboeden-kloepperboeden\/faehigkeiten\/#breadcrumb","itemListElement":[{"@type":"ListItem","position":1,"name":"Start","item":"https:\/\/antonius.nl\/de\/"},{"@type":"ListItem","position":2,"name":"Beh\u00e4lterb\u00f6den","item":"https:\/\/antonius.nl\/de\/behaelterboeden-kloepperboeden\/"},{"@type":"ListItem","position":3,"name":"F\u00e4higkeiten"}]},{"@type":"WebSite","@id":"https:\/\/antonius.nl\/#website","url":"https:\/\/antonius.nl\/","name":"Antonius","description":"Manufacturing for Progress","potentialAction":[{"@type":"SearchAction","target":{"@type":"EntryPoint","urlTemplate":"https:\/\/antonius.nl\/?s={search_term_string}"},"query-input":{"@type":"PropertyValueSpecification","valueRequired":true,"valueName":"search_term_string"}}],"inLanguage":"de"}]}},"_links":{"self":[{"href":"https:\/\/antonius.nl\/de\/wp-json\/wp\/v2\/pages\/10812","targetHints":{"allow":["GET"]}}],"collection":[{"href":"https:\/\/antonius.nl\/de\/wp-json\/wp\/v2\/pages"}],"about":[{"href":"https:\/\/antonius.nl\/de\/wp-json\/wp\/v2\/types\/page"}],"author":[{"embeddable":true,"href":"https:\/\/antonius.nl\/de\/wp-json\/wp\/v2\/users\/1"}],"replies":[{"embeddable":true,"href":"https:\/\/antonius.nl\/de\/wp-json\/wp\/v2\/comments?post=10812"}],"version-history":[{"count":3,"href":"https:\/\/antonius.nl\/de\/wp-json\/wp\/v2\/pages\/10812\/revisions"}],"predecessor-version":[{"id":10906,"href":"https:\/\/antonius.nl\/de\/wp-json\/wp\/v2\/pages\/10812\/revisions\/10906"}],"up":[{"embeddable":true,"href":"https:\/\/antonius.nl\/de\/wp-json\/wp\/v2\/pages\/10803"}],"wp:featuredmedia":[{"embeddable":true,"href":"https:\/\/antonius.nl\/de\/wp-json\/wp\/v2\/media\/4009"}],"wp:attachment":[{"href":"https:\/\/antonius.nl\/de\/wp-json\/wp\/v2\/media?parent=10812"}],"curies":[{"name":"wp","href":"https:\/\/api.w.org\/{rel}","templated":true}]}}