{"id":10803,"date":"2021-05-20T20:38:52","date_gmt":"2021-05-20T18:38:52","guid":{"rendered":"https:\/\/antonius.nl\/vessel-heads\/"},"modified":"2024-07-12T10:43:50","modified_gmt":"2024-07-12T08:43:50","slug":"behaelterboeden-kloepperboeden","status":"publish","type":"page","link":"https:\/\/antonius.nl\/de\/behaelterboeden-kloepperboeden\/","title":{"rendered":"Beh\u00e4lterb\u00f6den"},"content":{"rendered":"","protected":false},"excerpt":{"rendered":"","protected":false},"author":1,"featured_media":4119,"parent":0,"menu_order":0,"comment_status":"closed","ping_status":"closed","template":"page-flex.php","meta":{"_acf_changed":false,"inline_featured_image":false,"footnotes":""},"class_list":["post-10803","page","type-page","status-publish","has-post-thumbnail","hentry"],"acf":[],"yoast_head":"<!-- This site is optimized with the Yoast SEO plugin v26.5 - https:\/\/yoast.com\/wordpress\/plugins\/seo\/ -->\n<title>Beh\u00e4lterb\u00f6den - Antonius<\/title>\n<meta name=\"description\" content=\"Mit unserem fundierten Wissen \u00fcber alle Arten von Materialqualit\u00e4ten und den besten Schwei\u00dfern der Branche k\u00f6nnen wir alle Materialqualit\u00e4ten und Gr\u00f6\u00dfen produzieren!\" \/>\n<meta name=\"robots\" content=\"index, follow, max-snippet:-1, max-image-preview:large, max-video-preview:-1\" \/>\n<link rel=\"canonical\" href=\"https:\/\/antonius.nl\/de\/behaelterboeden-kloepperboeden\/\" \/>\n<meta property=\"og:locale\" content=\"de_DE\" \/>\n<meta property=\"og:type\" content=\"article\" \/>\n<meta property=\"og:title\" content=\"Beh\u00e4lterb\u00f6den - Antonius\" \/>\n<meta property=\"og:description\" content=\"Mit unserem fundierten Wissen \u00fcber alle Arten von Materialqualit\u00e4ten und den besten Schwei\u00dfern der Branche k\u00f6nnen wir alle Materialqualit\u00e4ten und Gr\u00f6\u00dfen produzieren!\" \/>\n<meta property=\"og:url\" content=\"https:\/\/antonius.nl\/de\/behaelterboeden-kloepperboeden\/\" \/>\n<meta property=\"og:site_name\" content=\"Antonius\" \/>\n<meta property=\"article:modified_time\" content=\"2024-07-12T08:43:50+00:00\" \/>\n<meta property=\"og:image\" content=\"https:\/\/antonius.nl\/wp-content\/uploads\/2022\/04\/Beer-tank-vessel-head.jpg\" \/>\n\t<meta property=\"og:image:width\" content=\"583\" \/>\n\t<meta property=\"og:image:height\" content=\"404\" \/>\n\t<meta property=\"og:image:type\" content=\"image\/jpeg\" \/>\n<meta name=\"twitter:card\" content=\"summary_large_image\" \/>\n<script type=\"application\/ld+json\" class=\"yoast-schema-graph\">{\"@context\":\"https:\/\/schema.org\",\"@graph\":[{\"@type\":\"WebPage\",\"@id\":\"https:\/\/antonius.nl\/de\/behaelterboeden-kloepperboeden\/\",\"url\":\"https:\/\/antonius.nl\/de\/behaelterboeden-kloepperboeden\/\",\"name\":\"Beh\u00e4lterb\u00f6den - Antonius\",\"isPartOf\":{\"@id\":\"https:\/\/antonius.nl\/#website\"},\"primaryImageOfPage\":{\"@id\":\"https:\/\/antonius.nl\/de\/behaelterboeden-kloepperboeden\/#primaryimage\"},\"image\":{\"@id\":\"https:\/\/antonius.nl\/de\/behaelterboeden-kloepperboeden\/#primaryimage\"},\"thumbnailUrl\":\"https:\/\/antonius.nl\/wp-content\/uploads\/2022\/04\/Beer-tank-vessel-head.jpg\",\"datePublished\":\"2021-05-20T18:38:52+00:00\",\"dateModified\":\"2024-07-12T08:43:50+00:00\",\"description\":\"Mit unserem fundierten Wissen \u00fcber alle Arten von Materialqualit\u00e4ten und den besten Schwei\u00dfern der Branche k\u00f6nnen wir alle Materialqualit\u00e4ten und Gr\u00f6\u00dfen produzieren!\",\"breadcrumb\":{\"@id\":\"https:\/\/antonius.nl\/de\/behaelterboeden-kloepperboeden\/#breadcrumb\"},\"inLanguage\":\"de\",\"potentialAction\":[{\"@type\":\"ReadAction\",\"target\":[\"https:\/\/antonius.nl\/de\/behaelterboeden-kloepperboeden\/\"]}]},{\"@type\":\"ImageObject\",\"inLanguage\":\"de\",\"@id\":\"https:\/\/antonius.nl\/de\/behaelterboeden-kloepperboeden\/#primaryimage\",\"url\":\"https:\/\/antonius.nl\/wp-content\/uploads\/2022\/04\/Beer-tank-vessel-head.jpg\",\"contentUrl\":\"https:\/\/antonius.nl\/wp-content\/uploads\/2022\/04\/Beer-tank-vessel-head.jpg\",\"width\":583,\"height\":404},{\"@type\":\"BreadcrumbList\",\"@id\":\"https:\/\/antonius.nl\/de\/behaelterboeden-kloepperboeden\/#breadcrumb\",\"itemListElement\":[{\"@type\":\"ListItem\",\"position\":1,\"name\":\"Start\",\"item\":\"https:\/\/antonius.nl\/de\/\"},{\"@type\":\"ListItem\",\"position\":2,\"name\":\"Beh\u00e4lterb\u00f6den\"}]},{\"@type\":\"WebSite\",\"@id\":\"https:\/\/antonius.nl\/#website\",\"url\":\"https:\/\/antonius.nl\/\",\"name\":\"Antonius\",\"description\":\"Manufacturing for Progress\",\"potentialAction\":[{\"@type\":\"SearchAction\",\"target\":{\"@type\":\"EntryPoint\",\"urlTemplate\":\"https:\/\/antonius.nl\/?s={search_term_string}\"},\"query-input\":{\"@type\":\"PropertyValueSpecification\",\"valueRequired\":true,\"valueName\":\"search_term_string\"}}],\"inLanguage\":\"de\"}]}<\/script>\n<!-- \/ Yoast SEO plugin. -->","yoast_head_json":{"title":"Beh\u00e4lterb\u00f6den - Antonius","description":"Mit unserem fundierten Wissen \u00fcber alle Arten von Materialqualit\u00e4ten und den besten Schwei\u00dfern der Branche k\u00f6nnen wir alle Materialqualit\u00e4ten und Gr\u00f6\u00dfen produzieren!","robots":{"index":"index","follow":"follow","max-snippet":"max-snippet:-1","max-image-preview":"max-image-preview:large","max-video-preview":"max-video-preview:-1"},"canonical":"https:\/\/antonius.nl\/de\/behaelterboeden-kloepperboeden\/","og_locale":"de_DE","og_type":"article","og_title":"Beh\u00e4lterb\u00f6den - Antonius","og_description":"Mit unserem fundierten Wissen \u00fcber alle Arten von Materialqualit\u00e4ten und den besten Schwei\u00dfern der Branche k\u00f6nnen wir alle Materialqualit\u00e4ten und Gr\u00f6\u00dfen produzieren!","og_url":"https:\/\/antonius.nl\/de\/behaelterboeden-kloepperboeden\/","og_site_name":"Antonius","article_modified_time":"2024-07-12T08:43:50+00:00","og_image":[{"width":583,"height":404,"url":"https:\/\/antonius.nl\/wp-content\/uploads\/2022\/04\/Beer-tank-vessel-head.jpg","type":"image\/jpeg"}],"twitter_card":"summary_large_image","schema":{"@context":"https:\/\/schema.org","@graph":[{"@type":"WebPage","@id":"https:\/\/antonius.nl\/de\/behaelterboeden-kloepperboeden\/","url":"https:\/\/antonius.nl\/de\/behaelterboeden-kloepperboeden\/","name":"Beh\u00e4lterb\u00f6den - Antonius","isPartOf":{"@id":"https:\/\/antonius.nl\/#website"},"primaryImageOfPage":{"@id":"https:\/\/antonius.nl\/de\/behaelterboeden-kloepperboeden\/#primaryimage"},"image":{"@id":"https:\/\/antonius.nl\/de\/behaelterboeden-kloepperboeden\/#primaryimage"},"thumbnailUrl":"https:\/\/antonius.nl\/wp-content\/uploads\/2022\/04\/Beer-tank-vessel-head.jpg","datePublished":"2021-05-20T18:38:52+00:00","dateModified":"2024-07-12T08:43:50+00:00","description":"Mit unserem fundierten Wissen \u00fcber alle Arten von Materialqualit\u00e4ten und den besten Schwei\u00dfern der Branche k\u00f6nnen wir alle Materialqualit\u00e4ten und Gr\u00f6\u00dfen produzieren!","breadcrumb":{"@id":"https:\/\/antonius.nl\/de\/behaelterboeden-kloepperboeden\/#breadcrumb"},"inLanguage":"de","potentialAction":[{"@type":"ReadAction","target":["https:\/\/antonius.nl\/de\/behaelterboeden-kloepperboeden\/"]}]},{"@type":"ImageObject","inLanguage":"de","@id":"https:\/\/antonius.nl\/de\/behaelterboeden-kloepperboeden\/#primaryimage","url":"https:\/\/antonius.nl\/wp-content\/uploads\/2022\/04\/Beer-tank-vessel-head.jpg","contentUrl":"https:\/\/antonius.nl\/wp-content\/uploads\/2022\/04\/Beer-tank-vessel-head.jpg","width":583,"height":404},{"@type":"BreadcrumbList","@id":"https:\/\/antonius.nl\/de\/behaelterboeden-kloepperboeden\/#breadcrumb","itemListElement":[{"@type":"ListItem","position":1,"name":"Start","item":"https:\/\/antonius.nl\/de\/"},{"@type":"ListItem","position":2,"name":"Beh\u00e4lterb\u00f6den"}]},{"@type":"WebSite","@id":"https:\/\/antonius.nl\/#website","url":"https:\/\/antonius.nl\/","name":"Antonius","description":"Manufacturing for Progress","potentialAction":[{"@type":"SearchAction","target":{"@type":"EntryPoint","urlTemplate":"https:\/\/antonius.nl\/?s={search_term_string}"},"query-input":{"@type":"PropertyValueSpecification","valueRequired":true,"valueName":"search_term_string"}}],"inLanguage":"de"}]}},"_links":{"self":[{"href":"https:\/\/antonius.nl\/de\/wp-json\/wp\/v2\/pages\/10803","targetHints":{"allow":["GET"]}}],"collection":[{"href":"https:\/\/antonius.nl\/de\/wp-json\/wp\/v2\/pages"}],"about":[{"href":"https:\/\/antonius.nl\/de\/wp-json\/wp\/v2\/types\/page"}],"author":[{"embeddable":true,"href":"https:\/\/antonius.nl\/de\/wp-json\/wp\/v2\/users\/1"}],"replies":[{"embeddable":true,"href":"https:\/\/antonius.nl\/de\/wp-json\/wp\/v2\/comments?post=10803"}],"version-history":[{"count":3,"href":"https:\/\/antonius.nl\/de\/wp-json\/wp\/v2\/pages\/10803\/revisions"}],"predecessor-version":[{"id":10905,"href":"https:\/\/antonius.nl\/de\/wp-json\/wp\/v2\/pages\/10803\/revisions\/10905"}],"wp:featuredmedia":[{"embeddable":true,"href":"https:\/\/antonius.nl\/de\/wp-json\/wp\/v2\/media\/4119"}],"wp:attachment":[{"href":"https:\/\/antonius.nl\/de\/wp-json\/wp\/v2\/media?parent=10803"}],"curies":[{"name":"wp","href":"https:\/\/api.w.org\/{rel}","templated":true}]}}