{"id":10794,"date":"2021-07-16T11:14:49","date_gmt":"2021-07-16T09:14:49","guid":{"rendered":"https:\/\/antonius.nl\/expertise\/knowledge\/"},"modified":"2024-07-15T14:36:14","modified_gmt":"2024-07-15T12:36:14","slug":"wissen","status":"publish","type":"page","link":"https:\/\/antonius.nl\/de\/fachwissen\/wissen\/","title":{"rendered":"Wissensbasis"},"content":{"rendered":"","protected":false},"excerpt":{"rendered":"","protected":false},"author":1,"featured_media":4068,"parent":10784,"menu_order":0,"comment_status":"closed","ping_status":"closed","template":"page-flex.php","meta":{"_acf_changed":false,"inline_featured_image":false,"footnotes":""},"class_list":["post-10794","page","type-page","status-publish","has-post-thumbnail","hentry"],"acf":[],"yoast_head":"<!-- This site is optimized with the Yoast SEO plugin v27.4 - https:\/\/yoast.com\/product\/yoast-seo-wordpress\/ -->\n<title>Wissensbasis - Antonius<\/title>\n<meta name=\"description\" content=\"Unsere Expertise ist oft entscheidend f\u00fcr Unternehmen, die sich auf die Einf\u00fchrung eines neuen Produkts vorbereiten oder ihre Betriebskosten weiter senken m\u00f6chten.\" \/>\n<meta name=\"robots\" content=\"index, follow, max-snippet:-1, max-image-preview:large, max-video-preview:-1\" \/>\n<link rel=\"canonical\" href=\"https:\/\/antonius.nl\/de\/fachwissen\/wissen\/\" \/>\n<meta property=\"og:locale\" content=\"de_DE\" \/>\n<meta property=\"og:type\" content=\"article\" \/>\n<meta property=\"og:title\" content=\"Wissensbasis - Antonius\" \/>\n<meta property=\"og:description\" content=\"Unsere Expertise ist oft entscheidend f\u00fcr Unternehmen, die sich auf die Einf\u00fchrung eines neuen Produkts vorbereiten oder ihre Betriebskosten weiter senken m\u00f6chten.\" \/>\n<meta property=\"og:url\" content=\"https:\/\/antonius.nl\/de\/fachwissen\/wissen\/\" \/>\n<meta property=\"og:site_name\" content=\"Antonius\" \/>\n<meta property=\"article:modified_time\" content=\"2024-07-15T12:36:14+00:00\" \/>\n<meta property=\"og:image\" content=\"https:\/\/antonius.nl\/wp-content\/uploads\/2021\/10\/Projectmanagement-squashed.jpg\" \/>\n\t<meta property=\"og:image:width\" content=\"1360\" \/>\n\t<meta property=\"og:image:height\" content=\"908\" \/>\n\t<meta property=\"og:image:type\" content=\"image\/jpeg\" \/>\n<meta name=\"twitter:card\" content=\"summary_large_image\" \/>\n<script type=\"application\/ld+json\" class=\"yoast-schema-graph\">{\"@context\":\"https:\\\/\\\/schema.org\",\"@graph\":[{\"@type\":\"WebPage\",\"@id\":\"https:\\\/\\\/antonius.nl\\\/de\\\/fachwissen\\\/wissen\\\/\",\"url\":\"https:\\\/\\\/antonius.nl\\\/de\\\/fachwissen\\\/wissen\\\/\",\"name\":\"Wissensbasis - Antonius\",\"isPartOf\":{\"@id\":\"https:\\\/\\\/antonius.nl\\\/#website\"},\"primaryImageOfPage\":{\"@id\":\"https:\\\/\\\/antonius.nl\\\/de\\\/fachwissen\\\/wissen\\\/#primaryimage\"},\"image\":{\"@id\":\"https:\\\/\\\/antonius.nl\\\/de\\\/fachwissen\\\/wissen\\\/#primaryimage\"},\"thumbnailUrl\":\"https:\\\/\\\/antonius.nl\\\/wp-content\\\/uploads\\\/2021\\\/10\\\/Projectmanagement-squashed.jpg\",\"datePublished\":\"2021-07-16T09:14:49+00:00\",\"dateModified\":\"2024-07-15T12:36:14+00:00\",\"description\":\"Unsere Expertise ist oft entscheidend f\u00fcr Unternehmen, die sich auf die Einf\u00fchrung eines neuen Produkts vorbereiten oder ihre Betriebskosten weiter senken m\u00f6chten.\",\"breadcrumb\":{\"@id\":\"https:\\\/\\\/antonius.nl\\\/de\\\/fachwissen\\\/wissen\\\/#breadcrumb\"},\"inLanguage\":\"de\",\"potentialAction\":[{\"@type\":\"ReadAction\",\"target\":[\"https:\\\/\\\/antonius.nl\\\/de\\\/fachwissen\\\/wissen\\\/\"]}]},{\"@type\":\"ImageObject\",\"inLanguage\":\"de\",\"@id\":\"https:\\\/\\\/antonius.nl\\\/de\\\/fachwissen\\\/wissen\\\/#primaryimage\",\"url\":\"https:\\\/\\\/antonius.nl\\\/wp-content\\\/uploads\\\/2021\\\/10\\\/Projectmanagement-squashed.jpg\",\"contentUrl\":\"https:\\\/\\\/antonius.nl\\\/wp-content\\\/uploads\\\/2021\\\/10\\\/Projectmanagement-squashed.jpg\",\"width\":1360,\"height\":908},{\"@type\":\"BreadcrumbList\",\"@id\":\"https:\\\/\\\/antonius.nl\\\/de\\\/fachwissen\\\/wissen\\\/#breadcrumb\",\"itemListElement\":[{\"@type\":\"ListItem\",\"position\":1,\"name\":\"Start\",\"item\":\"https:\\\/\\\/antonius.nl\\\/de\\\/\"},{\"@type\":\"ListItem\",\"position\":2,\"name\":\"Fachwissen\",\"item\":\"https:\\\/\\\/antonius.nl\\\/de\\\/fachwissen\\\/\"},{\"@type\":\"ListItem\",\"position\":3,\"name\":\"Wissensbasis\"}]},{\"@type\":\"WebSite\",\"@id\":\"https:\\\/\\\/antonius.nl\\\/#website\",\"url\":\"https:\\\/\\\/antonius.nl\\\/\",\"name\":\"Antonius\",\"description\":\"Manufacturing for Progress\",\"potentialAction\":[{\"@type\":\"SearchAction\",\"target\":{\"@type\":\"EntryPoint\",\"urlTemplate\":\"https:\\\/\\\/antonius.nl\\\/?s={search_term_string}\"},\"query-input\":{\"@type\":\"PropertyValueSpecification\",\"valueRequired\":true,\"valueName\":\"search_term_string\"}}],\"inLanguage\":\"de\"}]}<\/script>\n<!-- \/ Yoast SEO plugin. -->","yoast_head_json":{"title":"Wissensbasis - Antonius","description":"Unsere Expertise ist oft entscheidend f\u00fcr Unternehmen, die sich auf die Einf\u00fchrung eines neuen Produkts vorbereiten oder ihre Betriebskosten weiter senken m\u00f6chten.","robots":{"index":"index","follow":"follow","max-snippet":"max-snippet:-1","max-image-preview":"max-image-preview:large","max-video-preview":"max-video-preview:-1"},"canonical":"https:\/\/antonius.nl\/de\/fachwissen\/wissen\/","og_locale":"de_DE","og_type":"article","og_title":"Wissensbasis - Antonius","og_description":"Unsere Expertise ist oft entscheidend f\u00fcr Unternehmen, die sich auf die Einf\u00fchrung eines neuen Produkts vorbereiten oder ihre Betriebskosten weiter senken m\u00f6chten.","og_url":"https:\/\/antonius.nl\/de\/fachwissen\/wissen\/","og_site_name":"Antonius","article_modified_time":"2024-07-15T12:36:14+00:00","og_image":[{"width":1360,"height":908,"url":"https:\/\/antonius.nl\/wp-content\/uploads\/2021\/10\/Projectmanagement-squashed.jpg","type":"image\/jpeg"}],"twitter_card":"summary_large_image","schema":{"@context":"https:\/\/schema.org","@graph":[{"@type":"WebPage","@id":"https:\/\/antonius.nl\/de\/fachwissen\/wissen\/","url":"https:\/\/antonius.nl\/de\/fachwissen\/wissen\/","name":"Wissensbasis - Antonius","isPartOf":{"@id":"https:\/\/antonius.nl\/#website"},"primaryImageOfPage":{"@id":"https:\/\/antonius.nl\/de\/fachwissen\/wissen\/#primaryimage"},"image":{"@id":"https:\/\/antonius.nl\/de\/fachwissen\/wissen\/#primaryimage"},"thumbnailUrl":"https:\/\/antonius.nl\/wp-content\/uploads\/2021\/10\/Projectmanagement-squashed.jpg","datePublished":"2021-07-16T09:14:49+00:00","dateModified":"2024-07-15T12:36:14+00:00","description":"Unsere Expertise ist oft entscheidend f\u00fcr Unternehmen, die sich auf die Einf\u00fchrung eines neuen Produkts vorbereiten oder ihre Betriebskosten weiter senken m\u00f6chten.","breadcrumb":{"@id":"https:\/\/antonius.nl\/de\/fachwissen\/wissen\/#breadcrumb"},"inLanguage":"de","potentialAction":[{"@type":"ReadAction","target":["https:\/\/antonius.nl\/de\/fachwissen\/wissen\/"]}]},{"@type":"ImageObject","inLanguage":"de","@id":"https:\/\/antonius.nl\/de\/fachwissen\/wissen\/#primaryimage","url":"https:\/\/antonius.nl\/wp-content\/uploads\/2021\/10\/Projectmanagement-squashed.jpg","contentUrl":"https:\/\/antonius.nl\/wp-content\/uploads\/2021\/10\/Projectmanagement-squashed.jpg","width":1360,"height":908},{"@type":"BreadcrumbList","@id":"https:\/\/antonius.nl\/de\/fachwissen\/wissen\/#breadcrumb","itemListElement":[{"@type":"ListItem","position":1,"name":"Start","item":"https:\/\/antonius.nl\/de\/"},{"@type":"ListItem","position":2,"name":"Fachwissen","item":"https:\/\/antonius.nl\/de\/fachwissen\/"},{"@type":"ListItem","position":3,"name":"Wissensbasis"}]},{"@type":"WebSite","@id":"https:\/\/antonius.nl\/#website","url":"https:\/\/antonius.nl\/","name":"Antonius","description":"Manufacturing for Progress","potentialAction":[{"@type":"SearchAction","target":{"@type":"EntryPoint","urlTemplate":"https:\/\/antonius.nl\/?s={search_term_string}"},"query-input":{"@type":"PropertyValueSpecification","valueRequired":true,"valueName":"search_term_string"}}],"inLanguage":"de"}]}},"_links":{"self":[{"href":"https:\/\/antonius.nl\/de\/wp-json\/wp\/v2\/pages\/10794","targetHints":{"allow":["GET"]}}],"collection":[{"href":"https:\/\/antonius.nl\/de\/wp-json\/wp\/v2\/pages"}],"about":[{"href":"https:\/\/antonius.nl\/de\/wp-json\/wp\/v2\/types\/page"}],"author":[{"embeddable":true,"href":"https:\/\/antonius.nl\/de\/wp-json\/wp\/v2\/users\/1"}],"replies":[{"embeddable":true,"href":"https:\/\/antonius.nl\/de\/wp-json\/wp\/v2\/comments?post=10794"}],"version-history":[{"count":1,"href":"https:\/\/antonius.nl\/de\/wp-json\/wp\/v2\/pages\/10794\/revisions"}],"predecessor-version":[{"id":10795,"href":"https:\/\/antonius.nl\/de\/wp-json\/wp\/v2\/pages\/10794\/revisions\/10795"}],"up":[{"embeddable":true,"href":"https:\/\/antonius.nl\/de\/wp-json\/wp\/v2\/pages\/10784"}],"wp:featuredmedia":[{"embeddable":true,"href":"https:\/\/antonius.nl\/de\/wp-json\/wp\/v2\/media\/4068"}],"wp:attachment":[{"href":"https:\/\/antonius.nl\/de\/wp-json\/wp\/v2\/media?parent=10794"}],"curies":[{"name":"wp","href":"https:\/\/api.w.org\/{rel}","templated":true}]}}