{"id":10791,"date":"2021-05-18T10:43:20","date_gmt":"2021-05-18T08:43:20","guid":{"rendered":"https:\/\/antonius.nl\/expertise\/engineering\/"},"modified":"2024-07-11T10:16:49","modified_gmt":"2024-07-11T08:16:49","slug":"ingenieurwesen","status":"publish","type":"page","link":"https:\/\/antonius.nl\/de\/fachwissen\/ingenieurwesen\/","title":{"rendered":"Ingenieurwesen"},"content":{"rendered":"","protected":false},"excerpt":{"rendered":"","protected":false},"author":1,"featured_media":4017,"parent":10784,"menu_order":0,"comment_status":"closed","ping_status":"closed","template":"page-flex.php","meta":{"_acf_changed":false,"inline_featured_image":false,"footnotes":""},"class_list":["post-10791","page","type-page","status-publish","has-post-thumbnail","hentry"],"acf":[],"yoast_head":"<!-- This site is optimized with the Yoast SEO plugin v27.4 - https:\/\/yoast.com\/product\/yoast-seo-wordpress\/ -->\n<title>Unsere Ingenieurkompetenz - Antonious<\/title>\n<meta name=\"description\" content=\"Unsere umfangreiche Expertise in einer betr\u00e4chtlichen Anzahl von Bereichen erm\u00f6glicht es uns, (praktisch) alle Spezifikationen und Richtlinien zu erf\u00fcllen.\" \/>\n<meta name=\"robots\" content=\"index, follow, max-snippet:-1, max-image-preview:large, max-video-preview:-1\" \/>\n<link rel=\"canonical\" href=\"https:\/\/antonius.nl\/de\/fachwissen\/ingenieurwesen\/\" \/>\n<meta property=\"og:locale\" content=\"de_DE\" \/>\n<meta property=\"og:type\" content=\"article\" \/>\n<meta property=\"og:title\" content=\"Unsere Ingenieurkompetenz - Antonious\" \/>\n<meta property=\"og:description\" content=\"Unsere umfangreiche Expertise in einer betr\u00e4chtlichen Anzahl von Bereichen erm\u00f6glicht es uns, (praktisch) alle Spezifikationen und Richtlinien zu erf\u00fcllen.\" \/>\n<meta property=\"og:url\" content=\"https:\/\/antonius.nl\/de\/fachwissen\/ingenieurwesen\/\" \/>\n<meta property=\"og:site_name\" content=\"Antonius\" \/>\n<meta property=\"article:modified_time\" content=\"2024-07-11T08:16:49+00:00\" \/>\n<meta property=\"og:image\" content=\"https:\/\/antonius.nl\/wp-content\/uploads\/2021\/08\/engineering.jpg\" \/>\n\t<meta property=\"og:image:width\" content=\"1\" \/>\n\t<meta property=\"og:image:height\" content=\"1\" \/>\n\t<meta property=\"og:image:type\" content=\"image\/jpeg\" \/>\n<meta name=\"twitter:card\" content=\"summary_large_image\" \/>\n<script type=\"application\/ld+json\" class=\"yoast-schema-graph\">{\"@context\":\"https:\\\/\\\/schema.org\",\"@graph\":[{\"@type\":\"WebPage\",\"@id\":\"https:\\\/\\\/antonius.nl\\\/de\\\/fachwissen\\\/ingenieurwesen\\\/\",\"url\":\"https:\\\/\\\/antonius.nl\\\/de\\\/fachwissen\\\/ingenieurwesen\\\/\",\"name\":\"Unsere Ingenieurkompetenz - Antonious\",\"isPartOf\":{\"@id\":\"https:\\\/\\\/antonius.nl\\\/#website\"},\"primaryImageOfPage\":{\"@id\":\"https:\\\/\\\/antonius.nl\\\/de\\\/fachwissen\\\/ingenieurwesen\\\/#primaryimage\"},\"image\":{\"@id\":\"https:\\\/\\\/antonius.nl\\\/de\\\/fachwissen\\\/ingenieurwesen\\\/#primaryimage\"},\"thumbnailUrl\":\"https:\\\/\\\/antonius.nl\\\/wp-content\\\/uploads\\\/2021\\\/08\\\/engineering.jpg\",\"datePublished\":\"2021-05-18T08:43:20+00:00\",\"dateModified\":\"2024-07-11T08:16:49+00:00\",\"description\":\"Unsere umfangreiche Expertise in einer betr\u00e4chtlichen Anzahl von Bereichen erm\u00f6glicht es uns, (praktisch) alle Spezifikationen und Richtlinien zu erf\u00fcllen.\",\"breadcrumb\":{\"@id\":\"https:\\\/\\\/antonius.nl\\\/de\\\/fachwissen\\\/ingenieurwesen\\\/#breadcrumb\"},\"inLanguage\":\"de\",\"potentialAction\":[{\"@type\":\"ReadAction\",\"target\":[\"https:\\\/\\\/antonius.nl\\\/de\\\/fachwissen\\\/ingenieurwesen\\\/\"]}]},{\"@type\":\"ImageObject\",\"inLanguage\":\"de\",\"@id\":\"https:\\\/\\\/antonius.nl\\\/de\\\/fachwissen\\\/ingenieurwesen\\\/#primaryimage\",\"url\":\"https:\\\/\\\/antonius.nl\\\/wp-content\\\/uploads\\\/2021\\\/08\\\/engineering.jpg\",\"contentUrl\":\"https:\\\/\\\/antonius.nl\\\/wp-content\\\/uploads\\\/2021\\\/08\\\/engineering.jpg\",\"caption\":\"2016.162683;Piet Smeets; Maasbracht; 3-7\u00e2\u20ac\u201c2015; All About Antonius Vessel heads; Foto Guy van Grinsven; bedrijfsreportage; produktiebedrijf portretten van Piet Smeets, Sales team en Engeneering team op locatie Masbracht; Dave van de Bosch; 13-10-2016\"},{\"@type\":\"BreadcrumbList\",\"@id\":\"https:\\\/\\\/antonius.nl\\\/de\\\/fachwissen\\\/ingenieurwesen\\\/#breadcrumb\",\"itemListElement\":[{\"@type\":\"ListItem\",\"position\":1,\"name\":\"Start\",\"item\":\"https:\\\/\\\/antonius.nl\\\/de\\\/\"},{\"@type\":\"ListItem\",\"position\":2,\"name\":\"Fachwissen\",\"item\":\"https:\\\/\\\/antonius.nl\\\/de\\\/fachwissen\\\/\"},{\"@type\":\"ListItem\",\"position\":3,\"name\":\"Ingenieurwesen\"}]},{\"@type\":\"WebSite\",\"@id\":\"https:\\\/\\\/antonius.nl\\\/#website\",\"url\":\"https:\\\/\\\/antonius.nl\\\/\",\"name\":\"Antonius\",\"description\":\"Manufacturing for Progress\",\"potentialAction\":[{\"@type\":\"SearchAction\",\"target\":{\"@type\":\"EntryPoint\",\"urlTemplate\":\"https:\\\/\\\/antonius.nl\\\/?s={search_term_string}\"},\"query-input\":{\"@type\":\"PropertyValueSpecification\",\"valueRequired\":true,\"valueName\":\"search_term_string\"}}],\"inLanguage\":\"de\"}]}<\/script>\n<!-- \/ Yoast SEO plugin. -->","yoast_head_json":{"title":"Unsere Ingenieurkompetenz - Antonious","description":"Unsere umfangreiche Expertise in einer betr\u00e4chtlichen Anzahl von Bereichen erm\u00f6glicht es uns, (praktisch) alle Spezifikationen und Richtlinien zu erf\u00fcllen.","robots":{"index":"index","follow":"follow","max-snippet":"max-snippet:-1","max-image-preview":"max-image-preview:large","max-video-preview":"max-video-preview:-1"},"canonical":"https:\/\/antonius.nl\/de\/fachwissen\/ingenieurwesen\/","og_locale":"de_DE","og_type":"article","og_title":"Unsere Ingenieurkompetenz - Antonious","og_description":"Unsere umfangreiche Expertise in einer betr\u00e4chtlichen Anzahl von Bereichen erm\u00f6glicht es uns, (praktisch) alle Spezifikationen und Richtlinien zu erf\u00fcllen.","og_url":"https:\/\/antonius.nl\/de\/fachwissen\/ingenieurwesen\/","og_site_name":"Antonius","article_modified_time":"2024-07-11T08:16:49+00:00","og_image":[{"url":"https:\/\/antonius.nl\/wp-content\/uploads\/2021\/08\/engineering.jpg","width":1,"height":1,"type":"image\/jpeg"}],"twitter_card":"summary_large_image","schema":{"@context":"https:\/\/schema.org","@graph":[{"@type":"WebPage","@id":"https:\/\/antonius.nl\/de\/fachwissen\/ingenieurwesen\/","url":"https:\/\/antonius.nl\/de\/fachwissen\/ingenieurwesen\/","name":"Unsere Ingenieurkompetenz - Antonious","isPartOf":{"@id":"https:\/\/antonius.nl\/#website"},"primaryImageOfPage":{"@id":"https:\/\/antonius.nl\/de\/fachwissen\/ingenieurwesen\/#primaryimage"},"image":{"@id":"https:\/\/antonius.nl\/de\/fachwissen\/ingenieurwesen\/#primaryimage"},"thumbnailUrl":"https:\/\/antonius.nl\/wp-content\/uploads\/2021\/08\/engineering.jpg","datePublished":"2021-05-18T08:43:20+00:00","dateModified":"2024-07-11T08:16:49+00:00","description":"Unsere umfangreiche Expertise in einer betr\u00e4chtlichen Anzahl von Bereichen erm\u00f6glicht es uns, (praktisch) alle Spezifikationen und Richtlinien zu erf\u00fcllen.","breadcrumb":{"@id":"https:\/\/antonius.nl\/de\/fachwissen\/ingenieurwesen\/#breadcrumb"},"inLanguage":"de","potentialAction":[{"@type":"ReadAction","target":["https:\/\/antonius.nl\/de\/fachwissen\/ingenieurwesen\/"]}]},{"@type":"ImageObject","inLanguage":"de","@id":"https:\/\/antonius.nl\/de\/fachwissen\/ingenieurwesen\/#primaryimage","url":"https:\/\/antonius.nl\/wp-content\/uploads\/2021\/08\/engineering.jpg","contentUrl":"https:\/\/antonius.nl\/wp-content\/uploads\/2021\/08\/engineering.jpg","caption":"2016.162683;Piet Smeets; Maasbracht; 3-7\u00e2\u20ac\u201c2015; All About Antonius Vessel heads; Foto Guy van Grinsven; bedrijfsreportage; produktiebedrijf portretten van Piet Smeets, Sales team en Engeneering team op locatie Masbracht; Dave van de Bosch; 13-10-2016"},{"@type":"BreadcrumbList","@id":"https:\/\/antonius.nl\/de\/fachwissen\/ingenieurwesen\/#breadcrumb","itemListElement":[{"@type":"ListItem","position":1,"name":"Start","item":"https:\/\/antonius.nl\/de\/"},{"@type":"ListItem","position":2,"name":"Fachwissen","item":"https:\/\/antonius.nl\/de\/fachwissen\/"},{"@type":"ListItem","position":3,"name":"Ingenieurwesen"}]},{"@type":"WebSite","@id":"https:\/\/antonius.nl\/#website","url":"https:\/\/antonius.nl\/","name":"Antonius","description":"Manufacturing for Progress","potentialAction":[{"@type":"SearchAction","target":{"@type":"EntryPoint","urlTemplate":"https:\/\/antonius.nl\/?s={search_term_string}"},"query-input":{"@type":"PropertyValueSpecification","valueRequired":true,"valueName":"search_term_string"}}],"inLanguage":"de"}]}},"_links":{"self":[{"href":"https:\/\/antonius.nl\/de\/wp-json\/wp\/v2\/pages\/10791","targetHints":{"allow":["GET"]}}],"collection":[{"href":"https:\/\/antonius.nl\/de\/wp-json\/wp\/v2\/pages"}],"about":[{"href":"https:\/\/antonius.nl\/de\/wp-json\/wp\/v2\/types\/page"}],"author":[{"embeddable":true,"href":"https:\/\/antonius.nl\/de\/wp-json\/wp\/v2\/users\/1"}],"replies":[{"embeddable":true,"href":"https:\/\/antonius.nl\/de\/wp-json\/wp\/v2\/comments?post=10791"}],"version-history":[{"count":1,"href":"https:\/\/antonius.nl\/de\/wp-json\/wp\/v2\/pages\/10791\/revisions"}],"predecessor-version":[{"id":10792,"href":"https:\/\/antonius.nl\/de\/wp-json\/wp\/v2\/pages\/10791\/revisions\/10792"}],"up":[{"embeddable":true,"href":"https:\/\/antonius.nl\/de\/wp-json\/wp\/v2\/pages\/10784"}],"wp:featuredmedia":[{"embeddable":true,"href":"https:\/\/antonius.nl\/de\/wp-json\/wp\/v2\/media\/4017"}],"wp:attachment":[{"href":"https:\/\/antonius.nl\/de\/wp-json\/wp\/v2\/media?parent=10791"}],"curies":[{"name":"wp","href":"https:\/\/api.w.org\/{rel}","templated":true}]}}