{"id":10787,"date":"2021-10-04T08:59:08","date_gmt":"2021-10-04T06:59:08","guid":{"rendered":"https:\/\/antonius.nl\/expertise\/capabilities\/"},"modified":"2024-07-11T10:14:38","modified_gmt":"2024-07-11T08:14:38","slug":"faehigkeiten","status":"publish","type":"page","link":"https:\/\/antonius.nl\/de\/fachwissen\/faehigkeiten\/","title":{"rendered":"F\u00e4higkeiten"},"content":{"rendered":"","protected":false},"excerpt":{"rendered":"","protected":false},"author":1,"featured_media":4009,"parent":10784,"menu_order":0,"comment_status":"closed","ping_status":"closed","template":"page-flex.php","meta":{"_acf_changed":false,"inline_featured_image":false,"footnotes":""},"class_list":["post-10787","page","type-page","status-publish","has-post-thumbnail","hentry"],"acf":[],"yoast_head":"<!-- This site is optimized with the Yoast SEO plugin v26.5 - https:\/\/yoast.com\/wordpress\/plugins\/seo\/ -->\n<title>Antonius - Full-Service-Paket f\u00fcr die Produktion Ihres Produkts<\/title>\n<meta name=\"description\" content=\"Antonius verf\u00fcgt \u00fcber umfangreiche Expertise in der Produktion von Beh\u00e4lterb\u00f6den: Torisph\u00e4risch, Halbelliptisch, Hemisph\u00e4risch, Elliptisch, Flach &amp; Segmentierte K\u00f6pfe.\" \/>\n<meta name=\"robots\" content=\"index, follow, max-snippet:-1, max-image-preview:large, max-video-preview:-1\" \/>\n<link rel=\"canonical\" href=\"https:\/\/antonius.nl\/de\/fachwissen\/faehigkeiten\/\" \/>\n<meta property=\"og:locale\" content=\"de_DE\" \/>\n<meta property=\"og:type\" content=\"article\" \/>\n<meta property=\"og:title\" content=\"Antonius - Full-Service-Paket f\u00fcr die Produktion Ihres Produkts\" \/>\n<meta property=\"og:description\" content=\"Antonius verf\u00fcgt \u00fcber umfangreiche Expertise in der Produktion von Beh\u00e4lterb\u00f6den: Torisph\u00e4risch, Halbelliptisch, Hemisph\u00e4risch, Elliptisch, Flach &amp; Segmentierte K\u00f6pfe.\" \/>\n<meta property=\"og:url\" content=\"https:\/\/antonius.nl\/de\/fachwissen\/faehigkeiten\/\" \/>\n<meta property=\"og:site_name\" content=\"Antonius\" \/>\n<meta property=\"article:modified_time\" content=\"2024-07-11T08:14:38+00:00\" \/>\n<meta property=\"og:image\" content=\"https:\/\/antonius.nl\/wp-content\/uploads\/2021\/07\/2015.141022.jpg\" \/>\n\t<meta property=\"og:image:width\" content=\"1920\" \/>\n\t<meta property=\"og:image:height\" content=\"1082\" \/>\n\t<meta property=\"og:image:type\" content=\"image\/jpeg\" \/>\n<meta name=\"twitter:card\" content=\"summary_large_image\" \/>\n<script type=\"application\/ld+json\" class=\"yoast-schema-graph\">{\"@context\":\"https:\/\/schema.org\",\"@graph\":[{\"@type\":\"WebPage\",\"@id\":\"https:\/\/antonius.nl\/de\/fachwissen\/faehigkeiten\/\",\"url\":\"https:\/\/antonius.nl\/de\/fachwissen\/faehigkeiten\/\",\"name\":\"Antonius - Full-Service-Paket f\u00fcr die Produktion Ihres Produkts\",\"isPartOf\":{\"@id\":\"https:\/\/antonius.nl\/#website\"},\"primaryImageOfPage\":{\"@id\":\"https:\/\/antonius.nl\/de\/fachwissen\/faehigkeiten\/#primaryimage\"},\"image\":{\"@id\":\"https:\/\/antonius.nl\/de\/fachwissen\/faehigkeiten\/#primaryimage\"},\"thumbnailUrl\":\"https:\/\/antonius.nl\/wp-content\/uploads\/2021\/07\/2015.141022.jpg\",\"datePublished\":\"2021-10-04T06:59:08+00:00\",\"dateModified\":\"2024-07-11T08:14:38+00:00\",\"description\":\"Antonius verf\u00fcgt \u00fcber umfangreiche Expertise in der Produktion von Beh\u00e4lterb\u00f6den: Torisph\u00e4risch, Halbelliptisch, Hemisph\u00e4risch, Elliptisch, Flach & Segmentierte K\u00f6pfe.\",\"breadcrumb\":{\"@id\":\"https:\/\/antonius.nl\/de\/fachwissen\/faehigkeiten\/#breadcrumb\"},\"inLanguage\":\"de\",\"potentialAction\":[{\"@type\":\"ReadAction\",\"target\":[\"https:\/\/antonius.nl\/de\/fachwissen\/faehigkeiten\/\"]}]},{\"@type\":\"ImageObject\",\"inLanguage\":\"de\",\"@id\":\"https:\/\/antonius.nl\/de\/fachwissen\/faehigkeiten\/#primaryimage\",\"url\":\"https:\/\/antonius.nl\/wp-content\/uploads\/2021\/07\/2015.141022.jpg\",\"contentUrl\":\"https:\/\/antonius.nl\/wp-content\/uploads\/2021\/07\/2015.141022.jpg\",\"width\":1920,\"height\":1082},{\"@type\":\"BreadcrumbList\",\"@id\":\"https:\/\/antonius.nl\/de\/fachwissen\/faehigkeiten\/#breadcrumb\",\"itemListElement\":[{\"@type\":\"ListItem\",\"position\":1,\"name\":\"Start\",\"item\":\"https:\/\/antonius.nl\/de\/\"},{\"@type\":\"ListItem\",\"position\":2,\"name\":\"Fachwissen\",\"item\":\"https:\/\/antonius.nl\/de\/fachwissen\/\"},{\"@type\":\"ListItem\",\"position\":3,\"name\":\"F\u00e4higkeiten\"}]},{\"@type\":\"WebSite\",\"@id\":\"https:\/\/antonius.nl\/#website\",\"url\":\"https:\/\/antonius.nl\/\",\"name\":\"Antonius\",\"description\":\"Manufacturing for Progress\",\"potentialAction\":[{\"@type\":\"SearchAction\",\"target\":{\"@type\":\"EntryPoint\",\"urlTemplate\":\"https:\/\/antonius.nl\/?s={search_term_string}\"},\"query-input\":{\"@type\":\"PropertyValueSpecification\",\"valueRequired\":true,\"valueName\":\"search_term_string\"}}],\"inLanguage\":\"de\"}]}<\/script>\n<!-- \/ Yoast SEO plugin. -->","yoast_head_json":{"title":"Antonius - Full-Service-Paket f\u00fcr die Produktion Ihres Produkts","description":"Antonius verf\u00fcgt \u00fcber umfangreiche Expertise in der Produktion von Beh\u00e4lterb\u00f6den: Torisph\u00e4risch, Halbelliptisch, Hemisph\u00e4risch, Elliptisch, Flach & Segmentierte K\u00f6pfe.","robots":{"index":"index","follow":"follow","max-snippet":"max-snippet:-1","max-image-preview":"max-image-preview:large","max-video-preview":"max-video-preview:-1"},"canonical":"https:\/\/antonius.nl\/de\/fachwissen\/faehigkeiten\/","og_locale":"de_DE","og_type":"article","og_title":"Antonius - Full-Service-Paket f\u00fcr die Produktion Ihres Produkts","og_description":"Antonius verf\u00fcgt \u00fcber umfangreiche Expertise in der Produktion von Beh\u00e4lterb\u00f6den: Torisph\u00e4risch, Halbelliptisch, Hemisph\u00e4risch, Elliptisch, Flach & Segmentierte K\u00f6pfe.","og_url":"https:\/\/antonius.nl\/de\/fachwissen\/faehigkeiten\/","og_site_name":"Antonius","article_modified_time":"2024-07-11T08:14:38+00:00","og_image":[{"width":1920,"height":1082,"url":"https:\/\/antonius.nl\/wp-content\/uploads\/2021\/07\/2015.141022.jpg","type":"image\/jpeg"}],"twitter_card":"summary_large_image","schema":{"@context":"https:\/\/schema.org","@graph":[{"@type":"WebPage","@id":"https:\/\/antonius.nl\/de\/fachwissen\/faehigkeiten\/","url":"https:\/\/antonius.nl\/de\/fachwissen\/faehigkeiten\/","name":"Antonius - Full-Service-Paket f\u00fcr die Produktion Ihres Produkts","isPartOf":{"@id":"https:\/\/antonius.nl\/#website"},"primaryImageOfPage":{"@id":"https:\/\/antonius.nl\/de\/fachwissen\/faehigkeiten\/#primaryimage"},"image":{"@id":"https:\/\/antonius.nl\/de\/fachwissen\/faehigkeiten\/#primaryimage"},"thumbnailUrl":"https:\/\/antonius.nl\/wp-content\/uploads\/2021\/07\/2015.141022.jpg","datePublished":"2021-10-04T06:59:08+00:00","dateModified":"2024-07-11T08:14:38+00:00","description":"Antonius verf\u00fcgt \u00fcber umfangreiche Expertise in der Produktion von Beh\u00e4lterb\u00f6den: Torisph\u00e4risch, Halbelliptisch, Hemisph\u00e4risch, Elliptisch, Flach & Segmentierte K\u00f6pfe.","breadcrumb":{"@id":"https:\/\/antonius.nl\/de\/fachwissen\/faehigkeiten\/#breadcrumb"},"inLanguage":"de","potentialAction":[{"@type":"ReadAction","target":["https:\/\/antonius.nl\/de\/fachwissen\/faehigkeiten\/"]}]},{"@type":"ImageObject","inLanguage":"de","@id":"https:\/\/antonius.nl\/de\/fachwissen\/faehigkeiten\/#primaryimage","url":"https:\/\/antonius.nl\/wp-content\/uploads\/2021\/07\/2015.141022.jpg","contentUrl":"https:\/\/antonius.nl\/wp-content\/uploads\/2021\/07\/2015.141022.jpg","width":1920,"height":1082},{"@type":"BreadcrumbList","@id":"https:\/\/antonius.nl\/de\/fachwissen\/faehigkeiten\/#breadcrumb","itemListElement":[{"@type":"ListItem","position":1,"name":"Start","item":"https:\/\/antonius.nl\/de\/"},{"@type":"ListItem","position":2,"name":"Fachwissen","item":"https:\/\/antonius.nl\/de\/fachwissen\/"},{"@type":"ListItem","position":3,"name":"F\u00e4higkeiten"}]},{"@type":"WebSite","@id":"https:\/\/antonius.nl\/#website","url":"https:\/\/antonius.nl\/","name":"Antonius","description":"Manufacturing for Progress","potentialAction":[{"@type":"SearchAction","target":{"@type":"EntryPoint","urlTemplate":"https:\/\/antonius.nl\/?s={search_term_string}"},"query-input":{"@type":"PropertyValueSpecification","valueRequired":true,"valueName":"search_term_string"}}],"inLanguage":"de"}]}},"_links":{"self":[{"href":"https:\/\/antonius.nl\/de\/wp-json\/wp\/v2\/pages\/10787","targetHints":{"allow":["GET"]}}],"collection":[{"href":"https:\/\/antonius.nl\/de\/wp-json\/wp\/v2\/pages"}],"about":[{"href":"https:\/\/antonius.nl\/de\/wp-json\/wp\/v2\/types\/page"}],"author":[{"embeddable":true,"href":"https:\/\/antonius.nl\/de\/wp-json\/wp\/v2\/users\/1"}],"replies":[{"embeddable":true,"href":"https:\/\/antonius.nl\/de\/wp-json\/wp\/v2\/comments?post=10787"}],"version-history":[{"count":2,"href":"https:\/\/antonius.nl\/de\/wp-json\/wp\/v2\/pages\/10787\/revisions"}],"predecessor-version":[{"id":10789,"href":"https:\/\/antonius.nl\/de\/wp-json\/wp\/v2\/pages\/10787\/revisions\/10789"}],"up":[{"embeddable":true,"href":"https:\/\/antonius.nl\/de\/wp-json\/wp\/v2\/pages\/10784"}],"wp:featuredmedia":[{"embeddable":true,"href":"https:\/\/antonius.nl\/de\/wp-json\/wp\/v2\/media\/4009"}],"wp:attachment":[{"href":"https:\/\/antonius.nl\/de\/wp-json\/wp\/v2\/media?parent=10787"}],"curies":[{"name":"wp","href":"https:\/\/api.w.org\/{rel}","templated":true}]}}