{"id":10781,"date":"2021-10-15T16:54:24","date_gmt":"2021-10-15T14:54:24","guid":{"rendered":"https:\/\/antonius.nl\/contact\/"},"modified":"2025-05-02T15:51:12","modified_gmt":"2025-05-02T13:51:12","slug":"kontakt","status":"publish","type":"page","link":"https:\/\/antonius.nl\/de\/kontakt\/","title":{"rendered":"Kontakt"},"content":{"rendered":"","protected":false},"excerpt":{"rendered":"","protected":false},"author":1,"featured_media":3939,"parent":0,"menu_order":0,"comment_status":"closed","ping_status":"closed","template":"page-flex.php","meta":{"_acf_changed":false,"inline_featured_image":false,"footnotes":""},"class_list":["post-10781","page","type-page","status-publish","has-post-thumbnail","hentry"],"acf":[],"yoast_head":"<!-- This site is optimized with the Yoast SEO plugin v26.5 - https:\/\/yoast.com\/wordpress\/plugins\/seo\/ -->\n<title>Kontakt Antonious<\/title>\n<meta name=\"description\" content=\"Wir produzieren Kesselb\u00f6den in verschiedenen Formen und Materialien. Verschiedene Gr\u00f6\u00dfen und Dicken, genau auf das gew\u00fcnschte Produkt abgestimmt.\" \/>\n<meta name=\"robots\" content=\"index, follow, max-snippet:-1, max-image-preview:large, max-video-preview:-1\" \/>\n<link rel=\"canonical\" href=\"https:\/\/antonius.nl\/de\/kontakt\/\" \/>\n<meta property=\"og:locale\" content=\"de_DE\" \/>\n<meta property=\"og:type\" content=\"article\" \/>\n<meta property=\"og:title\" content=\"Kontakt Antonious\" \/>\n<meta property=\"og:description\" content=\"Wir produzieren Kesselb\u00f6den in verschiedenen Formen und Materialien. Verschiedene Gr\u00f6\u00dfen und Dicken, genau auf das gew\u00fcnschte Produkt abgestimmt.\" \/>\n<meta property=\"og:url\" content=\"https:\/\/antonius.nl\/de\/kontakt\/\" \/>\n<meta property=\"og:site_name\" content=\"Antonius\" \/>\n<meta property=\"article:modified_time\" content=\"2025-05-02T13:51:12+00:00\" \/>\n<meta property=\"og:image\" content=\"https:\/\/antonius.nl\/wp-content\/uploads\/2021\/05\/pand-squashed-e1622118616440.jpg\" \/>\n\t<meta property=\"og:image:width\" content=\"1920\" \/>\n\t<meta property=\"og:image:height\" content=\"787\" \/>\n\t<meta property=\"og:image:type\" content=\"image\/jpeg\" \/>\n<meta name=\"twitter:card\" content=\"summary_large_image\" \/>\n<script type=\"application\/ld+json\" class=\"yoast-schema-graph\">{\"@context\":\"https:\/\/schema.org\",\"@graph\":[{\"@type\":\"WebPage\",\"@id\":\"https:\/\/antonius.nl\/de\/kontakt\/\",\"url\":\"https:\/\/antonius.nl\/de\/kontakt\/\",\"name\":\"Kontakt Antonious\",\"isPartOf\":{\"@id\":\"https:\/\/antonius.nl\/#website\"},\"primaryImageOfPage\":{\"@id\":\"https:\/\/antonius.nl\/de\/kontakt\/#primaryimage\"},\"image\":{\"@id\":\"https:\/\/antonius.nl\/de\/kontakt\/#primaryimage\"},\"thumbnailUrl\":\"https:\/\/antonius.nl\/wp-content\/uploads\/2021\/05\/pand-squashed-e1622118616440.jpg\",\"datePublished\":\"2021-10-15T14:54:24+00:00\",\"dateModified\":\"2025-05-02T13:51:12+00:00\",\"description\":\"Wir produzieren Kesselb\u00f6den in verschiedenen Formen und Materialien. Verschiedene Gr\u00f6\u00dfen und Dicken, genau auf das gew\u00fcnschte Produkt abgestimmt.\",\"breadcrumb\":{\"@id\":\"https:\/\/antonius.nl\/de\/kontakt\/#breadcrumb\"},\"inLanguage\":\"de\",\"potentialAction\":[{\"@type\":\"ReadAction\",\"target\":[\"https:\/\/antonius.nl\/de\/kontakt\/\"]}]},{\"@type\":\"ImageObject\",\"inLanguage\":\"de\",\"@id\":\"https:\/\/antonius.nl\/de\/kontakt\/#primaryimage\",\"url\":\"https:\/\/antonius.nl\/wp-content\/uploads\/2021\/05\/pand-squashed-e1622118616440.jpg\",\"contentUrl\":\"https:\/\/antonius.nl\/wp-content\/uploads\/2021\/05\/pand-squashed-e1622118616440.jpg\",\"width\":1920,\"height\":787},{\"@type\":\"BreadcrumbList\",\"@id\":\"https:\/\/antonius.nl\/de\/kontakt\/#breadcrumb\",\"itemListElement\":[{\"@type\":\"ListItem\",\"position\":1,\"name\":\"Start\",\"item\":\"https:\/\/antonius.nl\/de\/\"},{\"@type\":\"ListItem\",\"position\":2,\"name\":\"Kontakt\"}]},{\"@type\":\"WebSite\",\"@id\":\"https:\/\/antonius.nl\/#website\",\"url\":\"https:\/\/antonius.nl\/\",\"name\":\"Antonius\",\"description\":\"Manufacturing for Progress\",\"potentialAction\":[{\"@type\":\"SearchAction\",\"target\":{\"@type\":\"EntryPoint\",\"urlTemplate\":\"https:\/\/antonius.nl\/?s={search_term_string}\"},\"query-input\":{\"@type\":\"PropertyValueSpecification\",\"valueRequired\":true,\"valueName\":\"search_term_string\"}}],\"inLanguage\":\"de\"}]}<\/script>\n<!-- \/ Yoast SEO plugin. -->","yoast_head_json":{"title":"Kontakt Antonious","description":"Wir produzieren Kesselb\u00f6den in verschiedenen Formen und Materialien. Verschiedene Gr\u00f6\u00dfen und Dicken, genau auf das gew\u00fcnschte Produkt abgestimmt.","robots":{"index":"index","follow":"follow","max-snippet":"max-snippet:-1","max-image-preview":"max-image-preview:large","max-video-preview":"max-video-preview:-1"},"canonical":"https:\/\/antonius.nl\/de\/kontakt\/","og_locale":"de_DE","og_type":"article","og_title":"Kontakt Antonious","og_description":"Wir produzieren Kesselb\u00f6den in verschiedenen Formen und Materialien. Verschiedene Gr\u00f6\u00dfen und Dicken, genau auf das gew\u00fcnschte Produkt abgestimmt.","og_url":"https:\/\/antonius.nl\/de\/kontakt\/","og_site_name":"Antonius","article_modified_time":"2025-05-02T13:51:12+00:00","og_image":[{"width":1920,"height":787,"url":"https:\/\/antonius.nl\/wp-content\/uploads\/2021\/05\/pand-squashed-e1622118616440.jpg","type":"image\/jpeg"}],"twitter_card":"summary_large_image","schema":{"@context":"https:\/\/schema.org","@graph":[{"@type":"WebPage","@id":"https:\/\/antonius.nl\/de\/kontakt\/","url":"https:\/\/antonius.nl\/de\/kontakt\/","name":"Kontakt Antonious","isPartOf":{"@id":"https:\/\/antonius.nl\/#website"},"primaryImageOfPage":{"@id":"https:\/\/antonius.nl\/de\/kontakt\/#primaryimage"},"image":{"@id":"https:\/\/antonius.nl\/de\/kontakt\/#primaryimage"},"thumbnailUrl":"https:\/\/antonius.nl\/wp-content\/uploads\/2021\/05\/pand-squashed-e1622118616440.jpg","datePublished":"2021-10-15T14:54:24+00:00","dateModified":"2025-05-02T13:51:12+00:00","description":"Wir produzieren Kesselb\u00f6den in verschiedenen Formen und Materialien. Verschiedene Gr\u00f6\u00dfen und Dicken, genau auf das gew\u00fcnschte Produkt abgestimmt.","breadcrumb":{"@id":"https:\/\/antonius.nl\/de\/kontakt\/#breadcrumb"},"inLanguage":"de","potentialAction":[{"@type":"ReadAction","target":["https:\/\/antonius.nl\/de\/kontakt\/"]}]},{"@type":"ImageObject","inLanguage":"de","@id":"https:\/\/antonius.nl\/de\/kontakt\/#primaryimage","url":"https:\/\/antonius.nl\/wp-content\/uploads\/2021\/05\/pand-squashed-e1622118616440.jpg","contentUrl":"https:\/\/antonius.nl\/wp-content\/uploads\/2021\/05\/pand-squashed-e1622118616440.jpg","width":1920,"height":787},{"@type":"BreadcrumbList","@id":"https:\/\/antonius.nl\/de\/kontakt\/#breadcrumb","itemListElement":[{"@type":"ListItem","position":1,"name":"Start","item":"https:\/\/antonius.nl\/de\/"},{"@type":"ListItem","position":2,"name":"Kontakt"}]},{"@type":"WebSite","@id":"https:\/\/antonius.nl\/#website","url":"https:\/\/antonius.nl\/","name":"Antonius","description":"Manufacturing for Progress","potentialAction":[{"@type":"SearchAction","target":{"@type":"EntryPoint","urlTemplate":"https:\/\/antonius.nl\/?s={search_term_string}"},"query-input":{"@type":"PropertyValueSpecification","valueRequired":true,"valueName":"search_term_string"}}],"inLanguage":"de"}]}},"_links":{"self":[{"href":"https:\/\/antonius.nl\/de\/wp-json\/wp\/v2\/pages\/10781","targetHints":{"allow":["GET"]}}],"collection":[{"href":"https:\/\/antonius.nl\/de\/wp-json\/wp\/v2\/pages"}],"about":[{"href":"https:\/\/antonius.nl\/de\/wp-json\/wp\/v2\/types\/page"}],"author":[{"embeddable":true,"href":"https:\/\/antonius.nl\/de\/wp-json\/wp\/v2\/users\/1"}],"replies":[{"embeddable":true,"href":"https:\/\/antonius.nl\/de\/wp-json\/wp\/v2\/comments?post=10781"}],"version-history":[{"count":3,"href":"https:\/\/antonius.nl\/de\/wp-json\/wp\/v2\/pages\/10781\/revisions"}],"predecessor-version":[{"id":20762,"href":"https:\/\/antonius.nl\/de\/wp-json\/wp\/v2\/pages\/10781\/revisions\/20762"}],"wp:featuredmedia":[{"embeddable":true,"href":"https:\/\/antonius.nl\/de\/wp-json\/wp\/v2\/media\/3939"}],"wp:attachment":[{"href":"https:\/\/antonius.nl\/de\/wp-json\/wp\/v2\/media?parent=10781"}],"curies":[{"name":"wp","href":"https:\/\/api.w.org\/{rel}","templated":true}]}}