{"id":10775,"date":"2021-06-28T16:28:38","date_gmt":"2021-06-28T14:28:38","guid":{"rendered":"https:\/\/antonius.nl\/about\/"},"modified":"2024-07-15T14:37:16","modified_gmt":"2024-07-15T12:37:16","slug":"ueber-uns","status":"publish","type":"page","link":"https:\/\/antonius.nl\/de\/ueber-uns\/","title":{"rendered":"\u00dcber uns"},"content":{"rendered":"<p>Antonius is a leading producer of complex shapes, vessel heads, cones, expansion joints and other special products in exotic and special materials.<br \/>\nWe\u00c2\u00a0operate\u00c2\u00a0worldwide on five\u00c2\u00a0continents from our homebase in Maasbracht, the Netherlands, where our production facility is located. Our main markets are: Oil&amp;Gas, Chemical Process industry, Power Generation, Pulp&amp;Paper and Food.<br \/>\nOur team of 55 professionals have extensive knowledge and expertise in forming carbon steels, stainless steels and other special materials. Our craftsmanship is the main reason why customers and engineering firms contact Antonius at an early stage.<\/p>\n","protected":false},"excerpt":{"rendered":"<p>Antonius is a leading producer of complex shapes, vessel heads, cones, expansion joints and other special products in exotic and special materials. We\u00c2\u00a0operate\u00c2\u00a0worldwide on five\u00c2\u00a0continents from our homebase in Maasbracht, the Netherlands, where our production facility is located. Our main markets are: Oil&amp;Gas, Chemical Process industry, Power Generation, Pulp&amp;Paper and Food. Our team of 55 [&hellip;]<\/p>\n","protected":false},"author":7,"featured_media":3997,"parent":0,"menu_order":0,"comment_status":"closed","ping_status":"closed","template":"page-flex.php","meta":{"_acf_changed":false,"inline_featured_image":false,"footnotes":""},"class_list":["post-10775","page","type-page","status-publish","has-post-thumbnail","hentry"],"acf":[],"yoast_head":"<!-- This site is optimized with the Yoast SEO plugin v26.5 - https:\/\/yoast.com\/wordpress\/plugins\/seo\/ -->\n<title>\u00dcber uns - Antonius<\/title>\n<meta name=\"description\" content=\"Wir sind weltweit auf 5 Kontinenten von den Niederlanden aus t\u00e4tig. M\u00e4rkte: \u00d6l &amp; Gas, Chemische Industrie, Energieerzeugung, Zellstoff &amp; Papier und Lebensmittel.\" \/>\n<meta name=\"robots\" content=\"index, follow, max-snippet:-1, max-image-preview:large, max-video-preview:-1\" \/>\n<link rel=\"canonical\" href=\"https:\/\/antonius.nl\/de\/ueber-uns\/\" \/>\n<meta property=\"og:locale\" content=\"de_DE\" \/>\n<meta property=\"og:type\" content=\"article\" \/>\n<meta property=\"og:title\" content=\"\u00dcber uns - Antonius\" \/>\n<meta property=\"og:description\" content=\"Wir sind weltweit auf 5 Kontinenten von den Niederlanden aus t\u00e4tig. M\u00e4rkte: \u00d6l &amp; Gas, Chemische Industrie, Energieerzeugung, Zellstoff &amp; Papier und Lebensmittel.\" \/>\n<meta property=\"og:url\" content=\"https:\/\/antonius.nl\/de\/ueber-uns\/\" \/>\n<meta property=\"og:site_name\" content=\"Antonius\" \/>\n<meta property=\"article:modified_time\" content=\"2024-07-15T12:37:16+00:00\" \/>\n<meta property=\"og:image\" content=\"https:\/\/antonius.nl\/wp-content\/uploads\/2021\/06\/antonius_002.jpg\" \/>\n\t<meta property=\"og:image:width\" content=\"504\" \/>\n\t<meta property=\"og:image:height\" content=\"350\" \/>\n\t<meta property=\"og:image:type\" content=\"image\/jpeg\" \/>\n<meta name=\"twitter:card\" content=\"summary_large_image\" \/>\n<script type=\"application\/ld+json\" class=\"yoast-schema-graph\">{\"@context\":\"https:\/\/schema.org\",\"@graph\":[{\"@type\":\"WebPage\",\"@id\":\"https:\/\/antonius.nl\/de\/ueber-uns\/\",\"url\":\"https:\/\/antonius.nl\/de\/ueber-uns\/\",\"name\":\"\u00dcber uns - Antonius\",\"isPartOf\":{\"@id\":\"https:\/\/antonius.nl\/#website\"},\"primaryImageOfPage\":{\"@id\":\"https:\/\/antonius.nl\/de\/ueber-uns\/#primaryimage\"},\"image\":{\"@id\":\"https:\/\/antonius.nl\/de\/ueber-uns\/#primaryimage\"},\"thumbnailUrl\":\"https:\/\/antonius.nl\/wp-content\/uploads\/2021\/06\/antonius_002.jpg\",\"datePublished\":\"2021-06-28T14:28:38+00:00\",\"dateModified\":\"2024-07-15T12:37:16+00:00\",\"description\":\"Wir sind weltweit auf 5 Kontinenten von den Niederlanden aus t\u00e4tig. M\u00e4rkte: \u00d6l & Gas, Chemische Industrie, Energieerzeugung, Zellstoff & Papier und Lebensmittel.\",\"breadcrumb\":{\"@id\":\"https:\/\/antonius.nl\/de\/ueber-uns\/#breadcrumb\"},\"inLanguage\":\"de\",\"potentialAction\":[{\"@type\":\"ReadAction\",\"target\":[\"https:\/\/antonius.nl\/de\/ueber-uns\/\"]}]},{\"@type\":\"ImageObject\",\"inLanguage\":\"de\",\"@id\":\"https:\/\/antonius.nl\/de\/ueber-uns\/#primaryimage\",\"url\":\"https:\/\/antonius.nl\/wp-content\/uploads\/2021\/06\/antonius_002.jpg\",\"contentUrl\":\"https:\/\/antonius.nl\/wp-content\/uploads\/2021\/06\/antonius_002.jpg\",\"width\":504,\"height\":350},{\"@type\":\"BreadcrumbList\",\"@id\":\"https:\/\/antonius.nl\/de\/ueber-uns\/#breadcrumb\",\"itemListElement\":[{\"@type\":\"ListItem\",\"position\":1,\"name\":\"Start\",\"item\":\"https:\/\/antonius.nl\/de\/\"},{\"@type\":\"ListItem\",\"position\":2,\"name\":\"\u00dcber uns\"}]},{\"@type\":\"WebSite\",\"@id\":\"https:\/\/antonius.nl\/#website\",\"url\":\"https:\/\/antonius.nl\/\",\"name\":\"Antonius\",\"description\":\"Manufacturing for Progress\",\"potentialAction\":[{\"@type\":\"SearchAction\",\"target\":{\"@type\":\"EntryPoint\",\"urlTemplate\":\"https:\/\/antonius.nl\/?s={search_term_string}\"},\"query-input\":{\"@type\":\"PropertyValueSpecification\",\"valueRequired\":true,\"valueName\":\"search_term_string\"}}],\"inLanguage\":\"de\"}]}<\/script>\n<!-- \/ Yoast SEO plugin. -->","yoast_head_json":{"title":"\u00dcber uns - Antonius","description":"Wir sind weltweit auf 5 Kontinenten von den Niederlanden aus t\u00e4tig. M\u00e4rkte: \u00d6l & Gas, Chemische Industrie, Energieerzeugung, Zellstoff & Papier und Lebensmittel.","robots":{"index":"index","follow":"follow","max-snippet":"max-snippet:-1","max-image-preview":"max-image-preview:large","max-video-preview":"max-video-preview:-1"},"canonical":"https:\/\/antonius.nl\/de\/ueber-uns\/","og_locale":"de_DE","og_type":"article","og_title":"\u00dcber uns - Antonius","og_description":"Wir sind weltweit auf 5 Kontinenten von den Niederlanden aus t\u00e4tig. M\u00e4rkte: \u00d6l & Gas, Chemische Industrie, Energieerzeugung, Zellstoff & Papier und Lebensmittel.","og_url":"https:\/\/antonius.nl\/de\/ueber-uns\/","og_site_name":"Antonius","article_modified_time":"2024-07-15T12:37:16+00:00","og_image":[{"width":504,"height":350,"url":"https:\/\/antonius.nl\/wp-content\/uploads\/2021\/06\/antonius_002.jpg","type":"image\/jpeg"}],"twitter_card":"summary_large_image","schema":{"@context":"https:\/\/schema.org","@graph":[{"@type":"WebPage","@id":"https:\/\/antonius.nl\/de\/ueber-uns\/","url":"https:\/\/antonius.nl\/de\/ueber-uns\/","name":"\u00dcber uns - Antonius","isPartOf":{"@id":"https:\/\/antonius.nl\/#website"},"primaryImageOfPage":{"@id":"https:\/\/antonius.nl\/de\/ueber-uns\/#primaryimage"},"image":{"@id":"https:\/\/antonius.nl\/de\/ueber-uns\/#primaryimage"},"thumbnailUrl":"https:\/\/antonius.nl\/wp-content\/uploads\/2021\/06\/antonius_002.jpg","datePublished":"2021-06-28T14:28:38+00:00","dateModified":"2024-07-15T12:37:16+00:00","description":"Wir sind weltweit auf 5 Kontinenten von den Niederlanden aus t\u00e4tig. M\u00e4rkte: \u00d6l & Gas, Chemische Industrie, Energieerzeugung, Zellstoff & Papier und Lebensmittel.","breadcrumb":{"@id":"https:\/\/antonius.nl\/de\/ueber-uns\/#breadcrumb"},"inLanguage":"de","potentialAction":[{"@type":"ReadAction","target":["https:\/\/antonius.nl\/de\/ueber-uns\/"]}]},{"@type":"ImageObject","inLanguage":"de","@id":"https:\/\/antonius.nl\/de\/ueber-uns\/#primaryimage","url":"https:\/\/antonius.nl\/wp-content\/uploads\/2021\/06\/antonius_002.jpg","contentUrl":"https:\/\/antonius.nl\/wp-content\/uploads\/2021\/06\/antonius_002.jpg","width":504,"height":350},{"@type":"BreadcrumbList","@id":"https:\/\/antonius.nl\/de\/ueber-uns\/#breadcrumb","itemListElement":[{"@type":"ListItem","position":1,"name":"Start","item":"https:\/\/antonius.nl\/de\/"},{"@type":"ListItem","position":2,"name":"\u00dcber uns"}]},{"@type":"WebSite","@id":"https:\/\/antonius.nl\/#website","url":"https:\/\/antonius.nl\/","name":"Antonius","description":"Manufacturing for Progress","potentialAction":[{"@type":"SearchAction","target":{"@type":"EntryPoint","urlTemplate":"https:\/\/antonius.nl\/?s={search_term_string}"},"query-input":{"@type":"PropertyValueSpecification","valueRequired":true,"valueName":"search_term_string"}}],"inLanguage":"de"}]}},"_links":{"self":[{"href":"https:\/\/antonius.nl\/de\/wp-json\/wp\/v2\/pages\/10775","targetHints":{"allow":["GET"]}}],"collection":[{"href":"https:\/\/antonius.nl\/de\/wp-json\/wp\/v2\/pages"}],"about":[{"href":"https:\/\/antonius.nl\/de\/wp-json\/wp\/v2\/types\/page"}],"author":[{"embeddable":true,"href":"https:\/\/antonius.nl\/de\/wp-json\/wp\/v2\/users\/7"}],"replies":[{"embeddable":true,"href":"https:\/\/antonius.nl\/de\/wp-json\/wp\/v2\/comments?post=10775"}],"version-history":[{"count":1,"href":"https:\/\/antonius.nl\/de\/wp-json\/wp\/v2\/pages\/10775\/revisions"}],"predecessor-version":[{"id":10776,"href":"https:\/\/antonius.nl\/de\/wp-json\/wp\/v2\/pages\/10775\/revisions\/10776"}],"wp:featuredmedia":[{"embeddable":true,"href":"https:\/\/antonius.nl\/de\/wp-json\/wp\/v2\/media\/3997"}],"wp:attachment":[{"href":"https:\/\/antonius.nl\/de\/wp-json\/wp\/v2\/media?parent=10775"}],"curies":[{"name":"wp","href":"https:\/\/api.w.org\/{rel}","templated":true}]}}