{"id":10771,"date":"2021-05-11T09:39:49","date_gmt":"2021-05-11T07:39:49","guid":{"rendered":"https:\/\/antonius.nl\/home\/"},"modified":"2024-07-12T10:37:55","modified_gmt":"2024-07-12T08:37:55","slug":"home","status":"publish","type":"page","link":"https:\/\/antonius.nl\/de\/","title":{"rendered":"Home"},"content":{"rendered":"","protected":false},"excerpt":{"rendered":"","protected":false},"author":1,"featured_media":9882,"parent":0,"menu_order":0,"comment_status":"closed","ping_status":"closed","template":"page-flex.php","meta":{"_acf_changed":false,"inline_featured_image":false,"footnotes":""},"class_list":["post-10771","page","type-page","status-publish","has-post-thumbnail","hentry"],"acf":[],"yoast_head":"<!-- This site is optimized with the Yoast SEO plugin v27.4 - https:\/\/yoast.com\/product\/yoast-seo-wordpress\/ -->\n<title>Antonius - F\u00fchrender Hersteller von komplexen Formen<\/title>\n<meta name=\"description\" content=\"Antonius ist ein f\u00fchrender Hersteller von komplexen Formen, Beh\u00e4lterk\u00f6pfen, Kegeln, Ausdehnungsfugen und anderen Spezialprodukten.\" \/>\n<meta name=\"robots\" content=\"index, follow, max-snippet:-1, max-image-preview:large, max-video-preview:-1\" \/>\n<link rel=\"canonical\" href=\"https:\/\/antonius.nl\/de\/\" \/>\n<meta property=\"og:locale\" content=\"de_DE\" \/>\n<meta property=\"og:type\" content=\"article\" \/>\n<meta property=\"og:title\" content=\"Antonius - F\u00fchrender Hersteller von komplexen Formen\" \/>\n<meta property=\"og:description\" content=\"Antonius ist ein f\u00fchrender Hersteller von komplexen Formen, Beh\u00e4lterk\u00f6pfen, Kegeln, Ausdehnungsfugen und anderen Spezialprodukten.\" \/>\n<meta property=\"og:url\" content=\"https:\/\/antonius.nl\/de\/\" \/>\n<meta property=\"og:site_name\" content=\"Antonius\" \/>\n<meta property=\"article:modified_time\" content=\"2024-07-12T08:37:55+00:00\" \/>\n<meta property=\"og:image\" content=\"https:\/\/antonius.nl\/wp-content\/uploads\/2024\/06\/nathan-forbes-58uZ3FW7FB4-unsplash.jpg\" \/>\n\t<meta property=\"og:image:width\" content=\"1200\" \/>\n\t<meta property=\"og:image:height\" content=\"800\" \/>\n\t<meta property=\"og:image:type\" content=\"image\/jpeg\" \/>\n<meta name=\"twitter:card\" content=\"summary_large_image\" \/>\n<script type=\"application\/ld+json\" class=\"yoast-schema-graph\">{\"@context\":\"https:\\\/\\\/schema.org\",\"@graph\":[{\"@type\":\"WebPage\",\"@id\":\"https:\\\/\\\/antonius.nl\\\/de\\\/\",\"url\":\"https:\\\/\\\/antonius.nl\\\/de\\\/\",\"name\":\"Antonius - F\u00fchrender Hersteller von komplexen Formen\",\"isPartOf\":{\"@id\":\"https:\\\/\\\/antonius.nl\\\/#website\"},\"primaryImageOfPage\":{\"@id\":\"https:\\\/\\\/antonius.nl\\\/de\\\/#primaryimage\"},\"image\":{\"@id\":\"https:\\\/\\\/antonius.nl\\\/de\\\/#primaryimage\"},\"thumbnailUrl\":\"https:\\\/\\\/antonius.nl\\\/wp-content\\\/uploads\\\/2024\\\/06\\\/nathan-forbes-58uZ3FW7FB4-unsplash.jpg\",\"datePublished\":\"2021-05-11T07:39:49+00:00\",\"dateModified\":\"2024-07-12T08:37:55+00:00\",\"description\":\"Antonius ist ein f\u00fchrender Hersteller von komplexen Formen, Beh\u00e4lterk\u00f6pfen, Kegeln, Ausdehnungsfugen und anderen Spezialprodukten.\",\"breadcrumb\":{\"@id\":\"https:\\\/\\\/antonius.nl\\\/de\\\/#breadcrumb\"},\"inLanguage\":\"de\",\"potentialAction\":[{\"@type\":\"ReadAction\",\"target\":[\"https:\\\/\\\/antonius.nl\\\/de\\\/\"]}]},{\"@type\":\"ImageObject\",\"inLanguage\":\"de\",\"@id\":\"https:\\\/\\\/antonius.nl\\\/de\\\/#primaryimage\",\"url\":\"https:\\\/\\\/antonius.nl\\\/wp-content\\\/uploads\\\/2024\\\/06\\\/nathan-forbes-58uZ3FW7FB4-unsplash.jpg\",\"contentUrl\":\"https:\\\/\\\/antonius.nl\\\/wp-content\\\/uploads\\\/2024\\\/06\\\/nathan-forbes-58uZ3FW7FB4-unsplash.jpg\",\"width\":1200,\"height\":800},{\"@type\":\"BreadcrumbList\",\"@id\":\"https:\\\/\\\/antonius.nl\\\/de\\\/#breadcrumb\",\"itemListElement\":[{\"@type\":\"ListItem\",\"position\":1,\"name\":\"Start\",\"item\":\"https:\\\/\\\/antonius.nl\\\/de\\\/\"},{\"@type\":\"ListItem\",\"position\":2,\"name\":\"Home\"}]},{\"@type\":\"WebSite\",\"@id\":\"https:\\\/\\\/antonius.nl\\\/#website\",\"url\":\"https:\\\/\\\/antonius.nl\\\/\",\"name\":\"Antonius\",\"description\":\"Manufacturing for Progress\",\"potentialAction\":[{\"@type\":\"SearchAction\",\"target\":{\"@type\":\"EntryPoint\",\"urlTemplate\":\"https:\\\/\\\/antonius.nl\\\/?s={search_term_string}\"},\"query-input\":{\"@type\":\"PropertyValueSpecification\",\"valueRequired\":true,\"valueName\":\"search_term_string\"}}],\"inLanguage\":\"de\"}]}<\/script>\n<!-- \/ Yoast SEO plugin. -->","yoast_head_json":{"title":"Antonius - F\u00fchrender Hersteller von komplexen Formen","description":"Antonius ist ein f\u00fchrender Hersteller von komplexen Formen, Beh\u00e4lterk\u00f6pfen, Kegeln, Ausdehnungsfugen und anderen Spezialprodukten.","robots":{"index":"index","follow":"follow","max-snippet":"max-snippet:-1","max-image-preview":"max-image-preview:large","max-video-preview":"max-video-preview:-1"},"canonical":"https:\/\/antonius.nl\/de\/","og_locale":"de_DE","og_type":"article","og_title":"Antonius - F\u00fchrender Hersteller von komplexen Formen","og_description":"Antonius ist ein f\u00fchrender Hersteller von komplexen Formen, Beh\u00e4lterk\u00f6pfen, Kegeln, Ausdehnungsfugen und anderen Spezialprodukten.","og_url":"https:\/\/antonius.nl\/de\/","og_site_name":"Antonius","article_modified_time":"2024-07-12T08:37:55+00:00","og_image":[{"width":1200,"height":800,"url":"https:\/\/antonius.nl\/wp-content\/uploads\/2024\/06\/nathan-forbes-58uZ3FW7FB4-unsplash.jpg","type":"image\/jpeg"}],"twitter_card":"summary_large_image","schema":{"@context":"https:\/\/schema.org","@graph":[{"@type":"WebPage","@id":"https:\/\/antonius.nl\/de\/","url":"https:\/\/antonius.nl\/de\/","name":"Antonius - F\u00fchrender Hersteller von komplexen Formen","isPartOf":{"@id":"https:\/\/antonius.nl\/#website"},"primaryImageOfPage":{"@id":"https:\/\/antonius.nl\/de\/#primaryimage"},"image":{"@id":"https:\/\/antonius.nl\/de\/#primaryimage"},"thumbnailUrl":"https:\/\/antonius.nl\/wp-content\/uploads\/2024\/06\/nathan-forbes-58uZ3FW7FB4-unsplash.jpg","datePublished":"2021-05-11T07:39:49+00:00","dateModified":"2024-07-12T08:37:55+00:00","description":"Antonius ist ein f\u00fchrender Hersteller von komplexen Formen, Beh\u00e4lterk\u00f6pfen, Kegeln, Ausdehnungsfugen und anderen Spezialprodukten.","breadcrumb":{"@id":"https:\/\/antonius.nl\/de\/#breadcrumb"},"inLanguage":"de","potentialAction":[{"@type":"ReadAction","target":["https:\/\/antonius.nl\/de\/"]}]},{"@type":"ImageObject","inLanguage":"de","@id":"https:\/\/antonius.nl\/de\/#primaryimage","url":"https:\/\/antonius.nl\/wp-content\/uploads\/2024\/06\/nathan-forbes-58uZ3FW7FB4-unsplash.jpg","contentUrl":"https:\/\/antonius.nl\/wp-content\/uploads\/2024\/06\/nathan-forbes-58uZ3FW7FB4-unsplash.jpg","width":1200,"height":800},{"@type":"BreadcrumbList","@id":"https:\/\/antonius.nl\/de\/#breadcrumb","itemListElement":[{"@type":"ListItem","position":1,"name":"Start","item":"https:\/\/antonius.nl\/de\/"},{"@type":"ListItem","position":2,"name":"Home"}]},{"@type":"WebSite","@id":"https:\/\/antonius.nl\/#website","url":"https:\/\/antonius.nl\/","name":"Antonius","description":"Manufacturing for Progress","potentialAction":[{"@type":"SearchAction","target":{"@type":"EntryPoint","urlTemplate":"https:\/\/antonius.nl\/?s={search_term_string}"},"query-input":{"@type":"PropertyValueSpecification","valueRequired":true,"valueName":"search_term_string"}}],"inLanguage":"de"}]}},"_links":{"self":[{"href":"https:\/\/antonius.nl\/de\/wp-json\/wp\/v2\/pages\/10771","targetHints":{"allow":["GET"]}}],"collection":[{"href":"https:\/\/antonius.nl\/de\/wp-json\/wp\/v2\/pages"}],"about":[{"href":"https:\/\/antonius.nl\/de\/wp-json\/wp\/v2\/types\/page"}],"author":[{"embeddable":true,"href":"https:\/\/antonius.nl\/de\/wp-json\/wp\/v2\/users\/1"}],"replies":[{"embeddable":true,"href":"https:\/\/antonius.nl\/de\/wp-json\/wp\/v2\/comments?post=10771"}],"version-history":[{"count":6,"href":"https:\/\/antonius.nl\/de\/wp-json\/wp\/v2\/pages\/10771\/revisions"}],"predecessor-version":[{"id":10904,"href":"https:\/\/antonius.nl\/de\/wp-json\/wp\/v2\/pages\/10771\/revisions\/10904"}],"wp:featuredmedia":[{"embeddable":true,"href":"https:\/\/antonius.nl\/de\/wp-json\/wp\/v2\/media\/9882"}],"wp:attachment":[{"href":"https:\/\/antonius.nl\/de\/wp-json\/wp\/v2\/media?parent=10771"}],"curies":[{"name":"wp","href":"https:\/\/api.w.org\/{rel}","templated":true}]}}